{"id":923,"date":"2025-06-03T23:34:04","date_gmt":"2025-06-03T21:34:04","guid":{"rendered":"https:\/\/www.eg-suedharz.de\/gemeinde\/services\/"},"modified":"2025-12-01T15:40:11","modified_gmt":"2025-12-01T14:40:11","slug":"erwachsene","status":"publish","type":"page","link":"https:\/\/www.eg-suedharz.de\/gemeinde\/angebote\/erwachsene\/","title":{"rendered":"Angebote f\u00fcr Erwachsene\/alle Generationen"},"content":{"rendered":"\n<div class=\"wp-block-uagb-container uagb-block-d813a79f alignfull uagb-is-root-container\"><div class=\"uagb-container-inner-blocks-wrap\">\n<div class=\"wp-block-uagb-info-box uagb-block-84311fa0 uagb-infobox__content-wrap  uagb-infobox-icon-above-title uagb-infobox-image-valign-top\"><div class=\"uagb-ifb-content\"><div class=\"uagb-ifb-title-wrap\"><h6 class=\"uagb-ifb-title-prefix\">Veranstaltungen und angebote<\/h6><h1 class=\"uagb-ifb-title\">F\u00fcr Erwachsene\/alle Generationen<\/h1><\/div><\/div><\/div>\n<\/div><\/div>\n\n\n\n<div class=\"wp-block-uagb-container no-lightbox uagb-block-f7e8e06b alignfull uagb-is-root-container\"><div class=\"uagb-container-inner-blocks-wrap\">\n<div class=\"wp-block-uagb-container uagb-block-828516f7\">\n<div class=\"wp-block-uagb-info-box uagb-block-580c02df uagb-infobox__content-wrap  uagb-infobox-icon-above-title uagb-infobox-image-valign-top\"><div class=\"uagb-ifb-content\"><div class=\"uagb-ifb-title-wrap\"><h2 class=\"uagb-ifb-title-prefix\">Brunchgottesdienste<\/h2><\/div><div class=\"uagb-ifb-separator\"><\/div><\/div><\/div>\n\n\n\n<div class=\"wp-block-uagb-advanced-heading uagb-block-1bce4b41\"><p class=\"uagb-desc-text\">Jeden&nbsp;<strong>1. Sonntag im Monat ist um 11 Uhr<\/strong>&nbsp;ein Brunchgottesdienst. Dieser findet abwechselnd&nbsp;&nbsp;in Herzberg&nbsp;und in&nbsp;Bad Lauterberg&nbsp;statt. In einem gerade Monat sind diese Gottesdienste in Herzberg und in unteraden in Bad Lauterberg. Alternativ k\u00f6nnen die Orte und Termine auch in der Monats\u00fcbersich eingesehen werden. An diesen Sonntagen feiern wir gemeinsam Gottesdienst und anschlie\u00dfend gibt es Zeit gemeinsam zu essen und miteinander ins Gespr\u00e4ch zu kommen.<\/p><\/div>\n<\/div>\n\n\n\n<div class=\"wp-block-uagb-container uagb-block-06473ea3\">\n<div class=\"wp-block-uagb-image uagb-block-ed781db9 wp-block-uagb-image--layout-default wp-block-uagb-image--effect-static wp-block-uagb-image--align-none\"><figure class=\"wp-block-uagb-image__figure\"><img decoding=\"async\" srcset=\"https:\/\/www.eg-suedharz.de\/gemeinde\/wp-content\/uploads\/sites\/3\/2025\/06\/brunch-2-1024x769.jpg ,https:\/\/www.eg-suedharz.de\/gemeinde\/wp-content\/uploads\/sites\/3\/2025\/06\/brunch-2.jpg 780w, https:\/\/www.eg-suedharz.de\/gemeinde\/wp-content\/uploads\/sites\/3\/2025\/06\/brunch-2.jpg 360w\" sizes=\"auto, (max-width: 480px) 150px\" src=\"https:\/\/www.eg-suedharz.de\/gemeinde\/wp-content\/uploads\/sites\/3\/2025\/06\/brunch-2-1024x769.jpg\" alt=\"\" class=\"uag-image-1100\" width=\"600\" height=\"550\" title=\"brunch-2\" loading=\"lazy\" role=\"img\"\/><\/figure><\/div>\n<\/div>\n<\/div><\/div>\n\n\n\n<div class=\"wp-block-uagb-container no-lightbox uagb-block-fac7244b alignfull uagb-is-root-container\"><div class=\"uagb-container-inner-blocks-wrap\">\n<div class=\"wp-block-uagb-container uagb-block-c67fc07c\">\n<div class=\"wp-block-uagb-image uagb-block-0e621cfe wp-block-uagb-image--layout-default wp-block-uagb-image--effect-static wp-block-uagb-image--align-none\"><figure class=\"wp-block-uagb-image__figure\"><img decoding=\"async\" srcset=\"https:\/\/www.eg-suedharz.de\/gemeinde\/wp-content\/uploads\/sites\/3\/2025\/06\/istockphoto-2097655915-612x612-1.webp ,https:\/\/www.eg-suedharz.de\/gemeinde\/wp-content\/uploads\/sites\/3\/2025\/06\/istockphoto-2097655915-612x612-1.webp 780w, https:\/\/www.eg-suedharz.de\/gemeinde\/wp-content\/uploads\/sites\/3\/2025\/06\/istockphoto-2097655915-612x612-1.webp 360w\" sizes=\"auto, (max-width: 480px) 150px\" src=\"https:\/\/www.eg-suedharz.de\/gemeinde\/wp-content\/uploads\/sites\/3\/2025\/06\/istockphoto-2097655915-612x612-1.webp\" alt=\"\" class=\"uag-image-1218\" width=\"600\" height=\"550\" title=\"istockphoto-2097655915-612x612\" loading=\"lazy\" role=\"img\"\/><\/figure><\/div>\n<\/div>\n\n\n\n<div class=\"wp-block-uagb-container uagb-block-f0af2b45\">\n<div class=\"wp-block-uagb-info-box uagb-block-d4218e9c uagb-infobox__content-wrap  uagb-infobox-icon-above-title uagb-infobox-image-valign-top\"><div class=\"uagb-ifb-content\"><div class=\"uagb-ifb-title-wrap\"><h2 class=\"uagb-ifb-title-prefix\">Bibelgespr\u00e4chskreis&nbsp;<\/h2><\/div><div class=\"uagb-ifb-separator\"><\/div><\/div><\/div>\n\n\n\n<div class=\"wp-block-uagb-advanced-heading uagb-block-f38775b0\"><p class=\"uagb-desc-text\"><strong>Jeden Dienstag<\/strong>&nbsp;treffen wir uns in&nbsp;Bad Lauterberg&nbsp;und&nbsp;Herzberg&nbsp;zum Bibelgespr\u00e4chskreis.<\/p><\/div>\n\n\n\n<div class=\"wp-block-uagb-advanced-heading uagb-block-057675b8\"><h6 class=\"uagb-heading-text\">Aber was machen wir da eigentlich?<\/h6><p class=\"uagb-desc-text\">Das ist ganz einfach auf den Punkt zu bringen:<br>Wir unterhalten uns \u00fcber Gott, unsere Erfahrungen mit ihm und die Fragen, die uns besch\u00e4ftigen. Dabei steht immer ein Text aus der Bibel im Mittelpunkt. Eine Person hat die Stunde vorbereitet und sich intensiv mit dem Text auseinandergesetzt. Diese leitet die Stunde und teilt dabei ihre Erkenntnisse und Fragen mit den anderen. Dabei ist genug Platz f\u00fcr einen gemeinsamen Austausch. So kann jeder von den Erkenntnissen und Erfahrungen des anderen profitieren. Vielleicht hat mein Gegen\u00fcber ja Antworten auf meine Fragen und ich Antworten auf seine\/ihre Fragen.<br>Zu Beginn ist auch Zeit f\u00fcr ein gemeinsames Lied und zum Schluss beenden wir die Stunde mit einem gemeinsamen Gebet. Dabei sagen wir Gott, was uns gerade besch\u00e4ftigt oder wof\u00fcr wir ihm dankbar sind.<\/p><\/div>\n<\/div>\n<\/div><\/div>\n\n\n\n<div class=\"wp-block-uagb-container no-lightbox uagb-block-3ef12d1e alignfull uagb-is-root-container\"><div class=\"uagb-container-inner-blocks-wrap\">\n<div class=\"wp-block-uagb-container uagb-block-881d52ed\">\n<div class=\"wp-block-uagb-info-box uagb-block-f319cf99 uagb-infobox__content-wrap  uagb-infobox-icon-above-title uagb-infobox-image-valign-top\"><div class=\"uagb-ifb-content\"><div class=\"uagb-ifb-title-wrap\"><h2 class=\"uagb-ifb-title-prefix\">Lebensrhythmus<\/h2><\/div><div class=\"uagb-ifb-separator\"><\/div><\/div><\/div>\n\n\n\n<div class=\"wp-block-uagb-advanced-heading uagb-block-d0135e45\"><p class=\"uagb-desc-text\">Wir treffen uns alle vier Wochen Donnerstags um 19:30 Uhr in Herzberg um Gott mit spontanen Wunschliedern anzubeten, ihm zu danken und unsere Bitten vor ihn zu bringen. Zwischendurch gibt es kurze Gespr\u00e4che \u00fcber Gott und die Welt. Dies alles in lockerer Atmosph\u00e4re.<br>&nbsp;<br>Dies ist also die perfekte Gelegenheit ein paar neue Lieder kennenzulernen oder altbekannt zu singen. Sei herzlich eingeladen dazuzukommen und mitzusingen.<\/p><\/div>\n<\/div>\n\n\n\n<div class=\"wp-block-uagb-container uagb-block-cd0c7b67\">\n<div class=\"wp-block-uagb-image uagb-block-07721a08 wp-block-uagb-image--layout-default wp-block-uagb-image--effect-static wp-block-uagb-image--align-none\"><figure class=\"wp-block-uagb-image__figure\"><img decoding=\"async\" srcset=\"https:\/\/www.eg-suedharz.de\/gemeinde\/wp-content\/uploads\/sites\/3\/2025\/06\/image-25.jpg ,https:\/\/www.eg-suedharz.de\/gemeinde\/wp-content\/uploads\/sites\/3\/2025\/06\/image-25.jpg 780w, https:\/\/www.eg-suedharz.de\/gemeinde\/wp-content\/uploads\/sites\/3\/2025\/06\/image-25.jpg 360w\" sizes=\"auto, (max-width: 480px) 150px\" src=\"https:\/\/www.eg-suedharz.de\/gemeinde\/wp-content\/uploads\/sites\/3\/2025\/06\/image-25.jpg\" alt=\"\" class=\"uag-image-1029\" width=\"600\" height=\"550\" title=\"image (25)\" loading=\"lazy\" role=\"img\"\/><\/figure><\/div>\n<\/div>\n<\/div><\/div>\n","protected":false},"excerpt":{"rendered":"<p>Jeden&nbsp;1. Sonntag im Monat ist um 11 Uhr&nbsp;ein Brunchgottesdienst. Dieser findet abwechselnd&nbsp;&nbsp;in Herzberg&nbsp;und in&nbsp;Bad Lauterberg&nbsp;statt. In einem gerade Monat sind [&hellip;]<\/p>\n","protected":false},"author":1,"featured_media":1099,"parent":1220,"menu_order":0,"comment_status":"closed","ping_status":"closed","template":"","meta":{"_uag_custom_page_level_css":"","site-sidebar-layout":"no-sidebar","site-content-layout":"","ast-site-content-layout":"full-width-container","site-content-style":"unboxed","site-sidebar-style":"default","ast-global-header-display":"","ast-banner-title-visibility":"","ast-main-header-display":"","ast-hfb-above-header-display":"","ast-hfb-below-header-display":"","ast-hfb-mobile-header-display":"","site-post-title":"disabled","ast-breadcrumbs-content":"","ast-featured-img":"disabled","footer-sml-layout":"","ast-disable-related-posts":"","theme-transparent-header-meta":"","adv-header-id-meta":"","stick-header-meta":"","header-above-stick-meta":"","header-main-stick-meta":"","header-below-stick-meta":"","astra-migrate-meta-layouts":"default","ast-page-background-enabled":"default","ast-page-background-meta":{"desktop":{"background-color":"var(--ast-global-color-4)","background-image":"","background-repeat":"repeat","background-position":"center center","background-size":"auto","background-attachment":"scroll","background-type":"","background-media":"","overlay-type":"","overlay-color":"","overlay-opacity":"","overlay-gradient":""},"tablet":{"background-color":"","background-image":"","background-repeat":"repeat","background-position":"center center","background-size":"auto","background-attachment":"scroll","background-type":"","background-media":"","overlay-type":"","overlay-color":"","overlay-opacity":"","overlay-gradient":""},"mobile":{"background-color":"","background-image":"","background-repeat":"repeat","background-position":"center center","background-size":"auto","background-attachment":"scroll","background-type":"","background-media":"","overlay-type":"","overlay-color":"","overlay-opacity":"","overlay-gradient":""}},"ast-content-background-meta":{"desktop":{"background-color":"var(--ast-global-color-5)","background-image":"","background-repeat":"repeat","background-position":"center center","background-size":"auto","background-attachment":"scroll","background-type":"","background-media":"","overlay-type":"","overlay-color":"","overlay-opacity":"","overlay-gradient":""},"tablet":{"background-color":"var(--ast-global-color-5)","background-image":"","background-repeat":"repeat","background-position":"center center","background-size":"auto","background-attachment":"scroll","background-type":"","background-media":"","overlay-type":"","overlay-color":"","overlay-opacity":"","overlay-gradient":""},"mobile":{"background-color":"var(--ast-global-color-5)","background-image":"","background-repeat":"repeat","background-position":"center center","background-size":"auto","background-attachment":"scroll","background-type":"","background-media":"","overlay-type":"","overlay-color":"","overlay-opacity":"","overlay-gradient":""}},"footnotes":""},"class_list":["post-923","page","type-page","status-publish","has-post-thumbnail","hentry"],"uagb_featured_image_src":{"full":["https:\/\/www.eg-suedharz.de\/gemeinde\/wp-content\/uploads\/sites\/3\/2025\/06\/brunch-3.jpg",1065,800,false],"thumbnail":["https:\/\/www.eg-suedharz.de\/gemeinde\/wp-content\/uploads\/sites\/3\/2025\/06\/brunch-3-150x150.jpg",150,150,true],"medium":["https:\/\/www.eg-suedharz.de\/gemeinde\/wp-content\/uploads\/sites\/3\/2025\/06\/brunch-3-300x225.jpg",300,225,true],"medium_large":["https:\/\/www.eg-suedharz.de\/gemeinde\/wp-content\/uploads\/sites\/3\/2025\/06\/brunch-3-768x577.jpg",768,577,true],"large":["https:\/\/www.eg-suedharz.de\/gemeinde\/wp-content\/uploads\/sites\/3\/2025\/06\/brunch-3-1024x769.jpg",1024,769,true],"1536x1536":["https:\/\/www.eg-suedharz.de\/gemeinde\/wp-content\/uploads\/sites\/3\/2025\/06\/brunch-3.jpg",1065,800,false],"2048x2048":["https:\/\/www.eg-suedharz.de\/gemeinde\/wp-content\/uploads\/sites\/3\/2025\/06\/brunch-3.jpg",1065,800,false]},"uagb_author_info":{"display_name":"Jonas","author_link":"https:\/\/www.eg-suedharz.de\/gemeinde\/author\/suedjonas\/"},"uagb_comment_info":0,"uagb_excerpt":"Jeden&nbsp;1. Sonntag im Monat ist um 11 Uhr&nbsp;ein Brunchgottesdienst. Dieser findet abwechselnd&nbsp;&nbsp;in Herzberg&nbsp;und in&nbsp;Bad Lauterberg&nbsp;statt. In einem gerade Monat sind [&hellip;]","_links":{"self":[{"href":"https:\/\/www.eg-suedharz.de\/gemeinde\/wp-json\/wp\/v2\/pages\/923","targetHints":{"allow":["GET"]}}],"collection":[{"href":"https:\/\/www.eg-suedharz.de\/gemeinde\/wp-json\/wp\/v2\/pages"}],"about":[{"href":"https:\/\/www.eg-suedharz.de\/gemeinde\/wp-json\/wp\/v2\/types\/page"}],"author":[{"embeddable":true,"href":"https:\/\/www.eg-suedharz.de\/gemeinde\/wp-json\/wp\/v2\/users\/1"}],"replies":[{"embeddable":true,"href":"https:\/\/www.eg-suedharz.de\/gemeinde\/wp-json\/wp\/v2\/comments?post=923"}],"version-history":[{"count":5,"href":"https:\/\/www.eg-suedharz.de\/gemeinde\/wp-json\/wp\/v2\/pages\/923\/revisions"}],"predecessor-version":[{"id":1290,"href":"https:\/\/www.eg-suedharz.de\/gemeinde\/wp-json\/wp\/v2\/pages\/923\/revisions\/1290"}],"up":[{"embeddable":true,"href":"https:\/\/www.eg-suedharz.de\/gemeinde\/wp-json\/wp\/v2\/pages\/1220"}],"wp:featuredmedia":[{"embeddable":true,"href":"https:\/\/www.eg-suedharz.de\/gemeinde\/wp-json\/wp\/v2\/media\/1099"}],"wp:attachment":[{"href":"https:\/\/www.eg-suedharz.de\/gemeinde\/wp-json\/wp\/v2\/media?parent=923"}],"curies":[{"name":"wp","href":"https:\/\/api.w.org\/{rel}","templated":true}]}}