{"id":921,"date":"2025-06-03T23:34:04","date_gmt":"2025-06-03T21:34:04","guid":{"rendered":"https:\/\/www.eg-suedharz.de\/gemeinde\/about\/"},"modified":"2025-08-30T18:56:01","modified_gmt":"2025-08-30T16:56:01","slug":"uber-uns","status":"publish","type":"page","link":"https:\/\/www.eg-suedharz.de\/gemeinde\/uber-uns\/","title":{"rendered":"\u00dcber uns"},"content":{"rendered":"\n<div class=\"wp-block-uagb-container uagb-block-d813a79f alignfull uagb-is-root-container\"><div class=\"uagb-container-inner-blocks-wrap\">\n<div style=\"height:60px\" aria-hidden=\"true\" class=\"wp-block-spacer\"><\/div>\n\n\n\n<div class=\"wp-block-uagb-info-box uagb-block-84311fa0 uagb-infobox__content-wrap  uagb-infobox-icon-above-title uagb-infobox-image-valign-top\"><div class=\"uagb-ifb-content\"><div class=\"uagb-ifb-title-wrap\"><h6 class=\"uagb-ifb-title-prefix\">\u00dcber uns<\/h6><h1 class=\"uagb-ifb-title\">Wer wir sind &amp;<br>wozu wir geh\u00f6ren<\/h1><\/div><\/div><\/div>\n<\/div><\/div>\n\n\n\n<div class=\"wp-block-uagb-container uagb-block-a75c50f7 alignfull uagb-is-root-container\"><div class=\"uagb-container-inner-blocks-wrap\">\n<div class=\"wp-block-uagb-advanced-heading uagb-block-35cbe83d\"><h2 class=\"uagb-heading-text\">Eine Gemeinschaft, die tr\u00e4gt.<br>Ein Glaube, der bewegt.<\/h2><\/div>\n\n\n\n<div class=\"wp-block-uagb-container uagb-block-8c762ca8\">\n<div class=\"wp-block-uagb-advanced-heading uagb-block-fae4a919\"><h5 class=\"uagb-heading-text\">Die Evangelische Gemeinschaft m\u00f6chte f\u00fcr Dich in Herzberg und Bad Lauterberg ein erg\u00e4nzendes Angebot kirchlicher Veranstaltungen bieten.<\/h5><p class=\"uagb-desc-text\">Wir sind Mitglied im Ohofer Gemeinschaftsverband e.V., einer geistlichen Bewegung innerhalb der Evangelischen Kirche Deutschlands. Mitglied wird man bei uns durch pers\u00f6nliche Entscheidung. <strong>Wir finanzieren uns nicht durch Kirchensteuern, sondern ausschlie\u00dflich durch freiwillige Beitr\u00e4ge.<\/strong><\/p><\/div>\n<\/div>\n<\/div><\/div>\n\n\n\n<div class=\"wp-block-uagb-container no-lightbox uagb-block-7ea0afac alignfull uagb-is-root-container\"><div class=\"uagb-container-inner-blocks-wrap\">\n<div class=\"wp-block-uagb-container uagb-block-50165361\">\n<figure class=\"wp-block-image size-full has-custom-border\"><img loading=\"lazy\" decoding=\"async\" width=\"711\" height=\"400\" src=\"https:\/\/www.eg-suedharz.de\/gemeinde\/wp-content\/uploads\/sites\/3\/2025\/06\/image-47.jpg\" alt=\"\" class=\"wp-image-1051\" style=\"border-radius:20px;aspect-ratio:1;object-fit:cover\" srcset=\"https:\/\/www.eg-suedharz.de\/gemeinde\/wp-content\/uploads\/sites\/3\/2025\/06\/image-47.jpg 711w, https:\/\/www.eg-suedharz.de\/gemeinde\/wp-content\/uploads\/sites\/3\/2025\/06\/image-47-300x169.jpg 300w\" sizes=\"auto, (max-width: 711px) 100vw, 711px\" \/><\/figure>\n<\/div>\n\n\n\n<div class=\"wp-block-uagb-container uagb-block-f8259f20\">\n<div class=\"wp-block-uagb-advanced-heading uagb-block-682bd229\"><h3 class=\"uagb-heading-text\">Wir sind also eine Form evangelischer Kirche in unserer Stadt.<\/h3><p class=\"uagb-desc-text\">Vielleicht erst einmal untypisch, aber gerade das ist unsere St\u00e4rke.<br>Zu der Evangelischen Gemeinschaft geh\u00f6rt auch der <a href=\"https:\/\/www.eg-suedharz.de\/ec\/\" data-type=\"link\" data-id=\"https:\/\/www.eg-suedharz.de\/ec\/\">EC S\u00fcdharz<\/a>. EC steht dabei f\u00fcr \u201eEntschieden f\u00fcr Christus&#8220;. Der EC S\u00fcdharz ist dabei eine regionale Ortsgruppe des Nieders\u00e4chsischen EC-Jugendverbandes. Die EC-Bewegung ist in Niedersachsen und Deutschland fester Teil der evangelischen Jugend und somit der Landeskirche Hannovers.<\/p><\/div>\n\n\n\n<div style=\"height:20px\" aria-hidden=\"true\" class=\"wp-block-spacer\"><\/div>\n\n\n\n<div class=\"wp-block-uagb-advanced-heading uagb-block-bc5d26fb\"><h3 class=\"uagb-heading-text\">Verb\u00e4nde und \u00fcberregionale Kontakte<\/h3><p class=\"uagb-desc-text\">Weitere Informationen zu unseren Partnern findest du hier:<br> \u279c <a href=\"https:\/\/www.ohofer-verband.de\/\" target=\"_blank\" rel=\"noreferrer noopener\">Ohofer Gemeinschaftsverband &#8211; unser Verband<\/a><br> \u279c <a href=\"http:\/\/www.ec-niedersachsen.de\/\" target=\"_blank\" rel=\"noreferrer noopener\">EC Niedersachsen &#8211; Landesverband unserer Jugendarbeit<\/a><br> \u279c <a href=\"http:\/\/www.bevge.de\/\" target=\"_blank\" rel=\"noreferrer noopener\">Bund evangelischer Gemeinschaften (BeG) &#8211; unser Dachverband<\/a><br> \u279c <a href=\"http:\/\/www.dgd.org\/\" target=\"_blank\" rel=\"noreferrer noopener\">Deutscher Gemeinschafts- und Diakonieverband (DGD)<\/a><br> \u279c <a href=\"http:\/\/www.tabor.de\/\" target=\"_blank\" rel=\"noreferrer noopener\">Studien- und Lebensgemeinschaft Tabor<\/a>&nbsp;<br> \u279c <a href=\"http:\/\/www.marburger-mission.org\/\" target=\"_blank\" rel=\"noreferrer noopener\">Marburger Mission<\/a><br> \u279c <a href=\"http:\/\/www.marburger-medien.de\/\" target=\"_blank\" rel=\"noreferrer noopener\">Marburger Medien<\/a><br>&nbsp;<\/p><\/div>\n<\/div>\n<\/div><\/div>\n\n\n\n<div class=\"wp-block-uagb-container uagb-block-e336c9bd alignfull uagb-is-root-container\"><div class=\"uagb-container-inner-blocks-wrap\">\n<div class=\"wp-block-uagb-advanced-heading uagb-block-dfb424ec\"><h6 class=\"uagb-heading-text\">Unsere Angebote<\/h6><\/div>\n\n\n\n<div class=\"wp-block-uagb-advanced-heading uagb-block-a29744a5\"><h2 class=\"uagb-heading-text\">Was du bei uns erleben kannst<\/h2><\/div>\n\n\n\n<div class=\"wp-block-uagb-container uagb-block-655410fa\">\n<div class=\"wp-block-uagb-info-box uagb-block-9cd47da6 uagb-infobox__content-wrap  uagb-infobox-icon-above-title uagb-infobox-image-valign-top\"><div class=\"uagb-ifb-content\"><div class=\"uagb-ifb-icon-wrap\"><svg xmlns=\"https:\/\/www.w3.org\/2000\/svg\" viewBox=\"0 0 384 512\"><path d=\"M383.1 160v64c0 17.62-14.37 32-31.1 32h-96v224c0 17.62-14.38 32-31.1 32H160c-17.62 0-32-14.38-32-32V256h-96C14.37 256-.0008 241.6-.0008 224V160c0-17.62 14.38-32 32-32h96V32c0-17.62 14.38-32 32-32h64c17.62 0 31.1 14.38 31.1 32v96h96C369.6 128 383.1 142.4 383.1 160z\"><\/path><\/svg><\/div><div class=\"uagb-ifb-title-wrap\"><h4 class=\"uagb-ifb-title\">H\u00f6re positive, praktische und ermutigende Botschaften<\/h4><\/div><\/div><\/div>\n\n\n\n<div class=\"wp-block-uagb-info-box uagb-block-f1b57f79 uagb-infobox__content-wrap  uagb-infobox-icon-above-title uagb-infobox-image-valign-top\"><div class=\"uagb-ifb-content\"><div class=\"uagb-ifb-icon-wrap\"><svg xmlns=\"https:\/\/www.w3.org\/2000\/svg\" viewBox=\"0 0 640 512\"><path d=\"M184 88C184 118.9 158.9 144 128 144C97.07 144 72 118.9 72 88C72 57.07 97.07 32 128 32C158.9 32 184 57.07 184 88zM208.4 196.3C178.7 222.7 160 261.2 160 304C160 338.3 171.1 369.8 192 394.5V416C192 433.7 177.7 448 160 448H96C78.33 448 64 433.7 64 416V389.2C26.16 371.2 0 332.7 0 288C0 226.1 50.14 176 112 176H144C167.1 176 190.2 183.5 208.4 196.3V196.3zM64 245.7C54.04 256.9 48 271.8 48 288C48 304.2 54.04 319.1 64 330.3V245.7zM448 416V394.5C468 369.8 480 338.3 480 304C480 261.2 461.3 222.7 431.6 196.3C449.8 183.5 472 176 496 176H528C589.9 176 640 226.1 640 288C640 332.7 613.8 371.2 576 389.2V416C576 433.7 561.7 448 544 448H480C462.3 448 448 433.7 448 416zM576 330.3C585.1 319.1 592 304.2 592 288C592 271.8 585.1 256.9 576 245.7V330.3zM568 88C568 118.9 542.9 144 512 144C481.1 144 456 118.9 456 88C456 57.07 481.1 32 512 32C542.9 32 568 57.07 568 88zM256 96C256 60.65 284.7 32 320 32C355.3 32 384 60.65 384 96C384 131.3 355.3 160 320 160C284.7 160 256 131.3 256 96zM448 304C448 348.7 421.8 387.2 384 405.2V448C384 465.7 369.7 480 352 480H288C270.3 480 256 465.7 256 448V405.2C218.2 387.2 192 348.7 192 304C192 242.1 242.1 192 304 192H336C397.9 192 448 242.1 448 304zM256 346.3V261.7C246 272.9 240 287.8 240 304C240 320.2 246 335.1 256 346.3zM384 261.7V346.3C393.1 335 400 320.2 400 304C400 287.8 393.1 272.9 384 261.7z\"><\/path><\/svg><\/div><div class=\"uagb-ifb-title-wrap\"><h4 class=\"uagb-ifb-title\">Erlebe neue Begegnungen mit Menschen aus der Gemeinschaft <\/h4><\/div><\/div><\/div>\n\n\n\n<div class=\"wp-block-uagb-info-box uagb-block-bb586721 uagb-infobox__content-wrap  uagb-infobox-icon-above-title uagb-infobox-image-valign-top\"><div class=\"uagb-ifb-content\"><div class=\"uagb-ifb-icon-wrap\"><svg xmlns=\"https:\/\/www.w3.org\/2000\/svg\" viewBox=\"0 0 512 512\"><path d=\"M511.1 367.1c0 44.18-42.98 80-95.1 80s-95.1-35.82-95.1-79.1c0-44.18 42.98-79.1 95.1-79.1c11.28 0 21.95 1.92 32.01 4.898V148.1L192 224l-.0023 208.1C191.1 476.2 149 512 95.1 512S0 476.2 0 432c0-44.18 42.98-79.1 95.1-79.1c11.28 0 21.95 1.92 32 4.898V126.5c0-12.97 10.06-26.63 22.41-30.52l319.1-94.49C472.1 .6615 477.3 0 480 0c17.66 0 31.97 14.34 32 31.99L511.1 367.1z\"><\/path><\/svg><\/div><div class=\"uagb-ifb-title-wrap\"><h4 class=\"uagb-ifb-title\">Lausche den Kl\u00e4ngen zeitgem\u00e4\u00dfer Musik und dem Lobpreis<\/h4><\/div><\/div><\/div>\n\n\n\n<div class=\"wp-block-uagb-info-box uagb-block-0a4800a8 uagb-infobox__content-wrap  uagb-infobox-icon-above-title uagb-infobox-image-valign-top\"><div class=\"uagb-ifb-content\"><div class=\"uagb-ifb-icon-wrap\"><svg xmlns=\"https:\/\/www.w3.org\/2000\/svg\" viewBox=\"0 0 512 512\"><path d=\"M511.1 63.1v287.1c0 35.25-28.75 63.1-64 63.1h-144l-124.9 93.68c-7.875 5.75-19.12 .0497-19.12-9.7v-83.98h-96c-35.25 0-64-28.75-64-63.1V63.1c0-35.25 28.75-63.1 64-63.1h384C483.2 0 511.1 28.75 511.1 63.1z\"><\/path><\/svg><\/div><div class=\"uagb-ifb-title-wrap\"><h4 class=\"uagb-ifb-title\">Nimm teil an Gespr\u00e4chsabenden \u00fcber das Leben und Gottes Wort<\/h4><\/div><\/div><\/div>\n\n\n\n<div class=\"wp-block-uagb-info-box uagb-block-a4cce915 uagb-infobox__content-wrap  uagb-infobox-icon-above-title uagb-infobox-image-valign-top\"><div class=\"uagb-ifb-content\"><div class=\"uagb-ifb-icon-wrap\"><svg xmlns=\"https:\/\/www.w3.org\/2000\/svg\" viewBox=\"0 0 576 512\"><path d=\"M463.1 256c8.75 0 15.1-7.25 15.1-16S472.7 224 463.1 224c-8.75 0-15.1 7.25-15.1 16S455.2 256 463.1 256zM287.1 176c48.5 0 87.1-39.5 87.1-88S336.5 0 287.1 0S200 39.5 200 88S239.5 176 287.1 176zM80 256c8.75 0 15.1-7.25 15.1-16S88.75 224 80 224S64 231.3 64 240S71.25 256 80 256zM75.91 375.1c.6289-.459 41.62-29.26 100.1-50.05L176 432h223.1l-.0004-106.8c58.32 20.8 99.51 49.49 100.1 49.91C508.6 381.1 518.3 384 527.9 384c14.98 0 29.73-7 39.11-20.09c15.41-21.59 10.41-51.56-11.16-66.97c-1.955-1.391-21.1-14.83-51.83-30.85C495.5 279.2 480.7 288 463.1 288c-26.25 0-47.1-21.75-47.1-48c0-3.549 .4648-6.992 1.217-10.33C378.6 217.2 334.4 208 288 208c-59.37 0-114.1 15.01-160.1 32.67C127.6 266.6 106 288 80 288C69.02 288 58.94 284 50.8 277.7c-18.11 10.45-29.25 18.22-30.7 19.26c-21.56 15.41-26.56 45.38-11.16 66.97C24.33 385.5 54.3 390.4 75.91 375.1zM335.1 344c13.25 0 23.1 10.75 23.1 24s-10.75 24-23.1 24c-13.25 0-23.1-10.75-23.1-24S322.7 344 335.1 344zM240 248c13.25 0 23.1 10.75 23.1 24S253.3 296 240 296c-13.25 0-23.1-10.75-23.1-24S226.8 248 240 248zM559.1 464H16c-8.75 0-15.1 7.25-15.1 16l-.0016 16c0 8.75 7.25 16 15.1 16h543.1c8.75 0 15.1-7.25 15.1-16L575.1 480C575.1 471.3 568.7 464 559.1 464z\"><\/path><\/svg><\/div><div class=\"uagb-ifb-title-wrap\"><h4 class=\"uagb-ifb-title\">Entdecke die diversen Angebote f\u00fcr Familien und Kinder<\/h4><\/div><\/div><\/div>\n<\/div>\n<\/div><\/div>\n\n\n\n<div class=\"wp-block-uagb-container uagb-block-ac713df3 alignfull uagb-is-root-container\"><div class=\"uagb-container-inner-blocks-wrap\">\n<div class=\"wp-block-uagb-advanced-heading uagb-block-d929472b\"><h6 class=\"uagb-heading-text\">Unsere Standorte<\/h6><\/div>\n\n\n\n<div class=\"wp-block-uagb-advanced-heading uagb-block-7afa5c6b\"><h2 class=\"uagb-heading-text\">Wo sind wir eigentlich vertreten?<\/h2><\/div>\n\n\n\n<div class=\"wp-block-uagb-container uagb-layout-flex uagb-block-b969eff2\">\n<div class=\"wp-block-uagb-container uagb-block-7d4c99e4 alignfull uagb-is-root-container\"><div class=\"uagb-container-inner-blocks-wrap\">\n<div class=\"wp-block-uagb-advanced-heading uagb-block-527c9878\"><h5 class=\"uagb-heading-text\"><strong>Ev. Gemeinschaft S\u00fcdharz e.V.<\/strong><br>Junkernstr. 16<br>37412 Herzberg am Harz<\/h5><p class=\"uagb-desc-text\">Du findest unser Gemeindehaus zentrumsnah, an der \u00e4ltesten Stra\u00dfe Herzbergs, der Junkernstra\u00dfe.<\/p><\/div>\n\n\n\t\t\t<div \n\t\t\tclass=\"wp-block-uagb-google-map uagb-google-map__wrap uagb-block-4bc1a3ec     \"\n\t\t\tstyle=\"\" >\n\t\t\t\t<embed\n\t\t\t\t\tclass=\"uagb-google-map__iframe\"\n\t\t\t\t\ttitle=\"Google Map for \"\n\t\t\t\t\tsrc=\"https:\/\/maps.google.com\/maps?q=Junkernstr.%2016%2037412%20Herzberg%20am%20Harz&#038;z=14&#038;hl=de&#038;t=m&#038;output=embed&#038;iwloc=near\"\n\t\t\t\t\twidth=\"640\"\n\t\t\t\t\theight=\"300\"\n\t\t\t\t\tloading=\"lazy\"\n\t\t\t\t><\/embed>\n\t\t\t<\/div>\n\t\t\t<\/div><\/div>\n\n\n\n<div class=\"wp-block-uagb-container uagb-block-402ba537 alignfull uagb-is-root-container\"><div class=\"uagb-container-inner-blocks-wrap\">\n<div class=\"wp-block-uagb-advanced-heading uagb-block-9e2f98a4\"><h5 class=\"uagb-heading-text\"><strong>EC S\u00fcdharz\/Focus Caf\u00e9<\/strong><br>Hauptstr. 74<br>37431 Bad Lauterberg<\/h5><p class=\"uagb-desc-text\">Unsere Veranstaltungen in Bad Lauterberg im Harz finden im Gemeindehaus der Kirchgemeinde St. Andreas statt.&nbsp;<\/p><\/div>\n\n\n\t\t\t<div \n\t\t\tclass=\"wp-block-uagb-google-map uagb-google-map__wrap uagb-block-ed511996     \"\n\t\t\tstyle=\"\" >\n\t\t\t\t<embed\n\t\t\t\t\tclass=\"uagb-google-map__iframe\"\n\t\t\t\t\ttitle=\"Google Map for \"\n\t\t\t\t\tsrc=\"https:\/\/maps.google.com\/maps?q=Hauptstr.%2074%2037431%20Bad%20Lauterberg&#038;z=14&#038;hl=de&#038;t=m&#038;output=embed&#038;iwloc=near\"\n\t\t\t\t\twidth=\"640\"\n\t\t\t\t\theight=\"300\"\n\t\t\t\t\tloading=\"lazy\"\n\t\t\t\t><\/embed>\n\t\t\t<\/div>\n\t\t\t<\/div><\/div>\n<\/div>\n<\/div><\/div>\n","protected":false},"excerpt":{"rendered":"<p>Eine Gemeinschaft, die tr\u00e4gt.Ein Glaube, der bewegt. Die Evangelische Gemeinschaft m\u00f6chte f\u00fcr Dich in Herzberg und Bad Lauterberg ein erg\u00e4nzendes [&hellip;]<\/p>\n","protected":false},"author":1,"featured_media":1056,"parent":0,"menu_order":0,"comment_status":"closed","ping_status":"closed","template":"","meta":{"_uag_custom_page_level_css":"","site-sidebar-layout":"no-sidebar","site-content-layout":"","ast-site-content-layout":"full-width-container","site-content-style":"unboxed","site-sidebar-style":"default","ast-global-header-display":"","ast-banner-title-visibility":"","ast-main-header-display":"","ast-hfb-above-header-display":"","ast-hfb-below-header-display":"","ast-hfb-mobile-header-display":"","site-post-title":"disabled","ast-breadcrumbs-content":"","ast-featured-img":"disabled","footer-sml-layout":"","ast-disable-related-posts":"","theme-transparent-header-meta":"","adv-header-id-meta":"","stick-header-meta":"","header-above-stick-meta":"","header-main-stick-meta":"","header-below-stick-meta":"","astra-migrate-meta-layouts":"default","ast-page-background-enabled":"default","ast-page-background-meta":{"desktop":{"background-color":"var(--ast-global-color-4)","background-image":"","background-repeat":"repeat","background-position":"center center","background-size":"auto","background-attachment":"scroll","background-type":"","background-media":"","overlay-type":"","overlay-color":"","overlay-opacity":"","overlay-gradient":""},"tablet":{"background-color":"","background-image":"","background-repeat":"repeat","background-position":"center center","background-size":"auto","background-attachment":"scroll","background-type":"","background-media":"","overlay-type":"","overlay-color":"","overlay-opacity":"","overlay-gradient":""},"mobile":{"background-color":"","background-image":"","background-repeat":"repeat","background-position":"center center","background-size":"auto","background-attachment":"scroll","background-type":"","background-media":"","overlay-type":"","overlay-color":"","overlay-opacity":"","overlay-gradient":""}},"ast-content-background-meta":{"desktop":{"background-color":"var(--ast-global-color-5)","background-image":"","background-repeat":"repeat","background-position":"center center","background-size":"auto","background-attachment":"scroll","background-type":"","background-media":"","overlay-type":"","overlay-color":"","overlay-opacity":"","overlay-gradient":""},"tablet":{"background-color":"var(--ast-global-color-5)","background-image":"","background-repeat":"repeat","background-position":"center center","background-size":"auto","background-attachment":"scroll","background-type":"","background-media":"","overlay-type":"","overlay-color":"","overlay-opacity":"","overlay-gradient":""},"mobile":{"background-color":"var(--ast-global-color-5)","background-image":"","background-repeat":"repeat","background-position":"center center","background-size":"auto","background-attachment":"scroll","background-type":"","background-media":"","overlay-type":"","overlay-color":"","overlay-opacity":"","overlay-gradient":""}},"footnotes":""},"class_list":["post-921","page","type-page","status-publish","has-post-thumbnail","hentry"],"uagb_featured_image_src":{"full":["https:\/\/www.eg-suedharz.de\/gemeinde\/wp-content\/uploads\/sites\/3\/2025\/06\/image-52-scaled.jpg",2560,1441,false],"thumbnail":["https:\/\/www.eg-suedharz.de\/gemeinde\/wp-content\/uploads\/sites\/3\/2025\/06\/image-52-150x150.jpg",150,150,true],"medium":["https:\/\/www.eg-suedharz.de\/gemeinde\/wp-content\/uploads\/sites\/3\/2025\/06\/image-52-300x169.jpg",300,169,true],"medium_large":["https:\/\/www.eg-suedharz.de\/gemeinde\/wp-content\/uploads\/sites\/3\/2025\/06\/image-52-768x432.jpg",768,432,true],"large":["https:\/\/www.eg-suedharz.de\/gemeinde\/wp-content\/uploads\/sites\/3\/2025\/06\/image-52-1024x576.jpg",1024,576,true],"1536x1536":["https:\/\/www.eg-suedharz.de\/gemeinde\/wp-content\/uploads\/sites\/3\/2025\/06\/image-52-1536x864.jpg",1536,864,true],"2048x2048":["https:\/\/www.eg-suedharz.de\/gemeinde\/wp-content\/uploads\/sites\/3\/2025\/06\/image-52-2048x1153.jpg",2048,1153,true]},"uagb_author_info":{"display_name":"Jonas","author_link":"https:\/\/www.eg-suedharz.de\/gemeinde\/author\/suedjonas\/"},"uagb_comment_info":0,"uagb_excerpt":"Eine Gemeinschaft, die tr\u00e4gt.Ein Glaube, der bewegt. Die Evangelische Gemeinschaft m\u00f6chte f\u00fcr Dich in Herzberg und Bad Lauterberg ein erg\u00e4nzendes [&hellip;]","_links":{"self":[{"href":"https:\/\/www.eg-suedharz.de\/gemeinde\/wp-json\/wp\/v2\/pages\/921","targetHints":{"allow":["GET"]}}],"collection":[{"href":"https:\/\/www.eg-suedharz.de\/gemeinde\/wp-json\/wp\/v2\/pages"}],"about":[{"href":"https:\/\/www.eg-suedharz.de\/gemeinde\/wp-json\/wp\/v2\/types\/page"}],"author":[{"embeddable":true,"href":"https:\/\/www.eg-suedharz.de\/gemeinde\/wp-json\/wp\/v2\/users\/1"}],"replies":[{"embeddable":true,"href":"https:\/\/www.eg-suedharz.de\/gemeinde\/wp-json\/wp\/v2\/comments?post=921"}],"version-history":[{"count":12,"href":"https:\/\/www.eg-suedharz.de\/gemeinde\/wp-json\/wp\/v2\/pages\/921\/revisions"}],"predecessor-version":[{"id":1284,"href":"https:\/\/www.eg-suedharz.de\/gemeinde\/wp-json\/wp\/v2\/pages\/921\/revisions\/1284"}],"wp:featuredmedia":[{"embeddable":true,"href":"https:\/\/www.eg-suedharz.de\/gemeinde\/wp-json\/wp\/v2\/media\/1056"}],"wp:attachment":[{"href":"https:\/\/www.eg-suedharz.de\/gemeinde\/wp-json\/wp\/v2\/media?parent=921"}],"curies":[{"name":"wp","href":"https:\/\/api.w.org\/{rel}","templated":true}]}}