{"id":918,"date":"2025-06-03T23:34:04","date_gmt":"2025-06-03T21:34:04","guid":{"rendered":"https:\/\/www.eg-suedharz.de\/gemeinde\/home\/"},"modified":"2025-08-30T19:00:30","modified_gmt":"2025-08-30T17:00:30","slug":"startseite","status":"publish","type":"page","link":"https:\/\/www.eg-suedharz.de\/gemeinde\/","title":{"rendered":"Hauptseite"},"content":{"rendered":"\n<div class=\"wp-block-uagb-container uagb-block-4c80560e alignfull uagb-is-root-container\"><div class=\"uagb-container-inner-blocks-wrap\">\n<div class=\"wp-block-uagb-container uagb-block-b1e2e4cf\">\n<div class=\"wp-block-uagb-info-box uagb-block-1a0a3c51 uagb-infobox__content-wrap  uagb-infobox-icon-above-title uagb-infobox-image-valign-top\"><div class=\"uagb-ifb-content\"><div class=\"uagb-ifb-title-wrap\"><h6 class=\"uagb-ifb-title-prefix\">Die Welt ist bunt &#8211; warum also nur schwarz-wei\u00df denken?<\/h6><h1 class=\"uagb-ifb-title\"><strong>Deine<\/strong> Gemeinschaft.<br>Mitten im S\u00fcdharz.<\/h1><\/div><\/div><\/div>\n<\/div>\n<\/div><\/div>\n\n\n\n<div class=\"wp-block-uagb-container uagb-block-7e248ae8 default uagb-is-root-container\">\n<div class=\"wp-block-uagb-container uagb-block-c19b8562\">\n<iframe loading=\"lazy\" src=\"https:\/\/calendar.google.com\/calendar\/embed?height=700&amp;wkst=2&amp;bgcolor=%23ffffff&amp;ctz=Europe%2FBerlin&amp;showTitle=0&amp;showTz=0&amp;showCalendars=0&amp;showTabs=1&amp;showDate=1&amp;src=ZXZnZW0uc3VlZGhhcnpAZ21haWwuY29t&#038;src=ZGUuZ2VybWFuI2hvbGlkYXlAZ3JvdXAudi5jYWxlbmRhci5nb29nbGUuY29t&amp;&#038;color=%23f4511e&#038;color=%23795548\" style=\"border:0px\" width=\"100%\" height=\"550\" frameborder=\"0\" scrolling=\"no\"><\/iframe>\n<\/div>\n\n\n\n<div class=\"wp-block-uagb-container uagb-block-a72fcebc\">\n<div class=\"wp-block-uagb-info-box uagb-block-bd81706c uagb-infobox__content-wrap  uagb-infobox-icon-above-title uagb-infobox-image-valign-top\"><div class=\"uagb-ifb-content\"><div class=\"uagb-ifb-title-wrap\"><h6 class=\"uagb-ifb-title-prefix\">Veranstaltungskalender<\/h6><h2 class=\"uagb-ifb-title\">Nichts verpassen!<\/h2><\/div><p class=\"uagb-ifb-desc\">Entdecke unsere n\u00e4chsten Termine.<br>Hier findest du alle Angebote, die dich inspirieren, verbinden und st\u00e4rken. Wir freuen uns auf dich!<br><br><a href=\"https:\/\/www.eg-suedharz.de\/gemeinde\/angebote\/\" data-type=\"page\" data-id=\"1220\">Unsere Angebote im \u00dcberblick findest du hier <strong>\u279c<\/strong><\/a><\/p><\/div><\/div>\n<\/div>\n<\/div>\n\n\n\n<div class=\"wp-block-uagb-container uagb-block-ac713df3 alignfull uagb-is-root-container\"><div class=\"uagb-container-inner-blocks-wrap\">\n<div class=\"wp-block-uagb-advanced-heading uagb-block-dfb424ec\"><h6 class=\"uagb-heading-text\">Neuigkeiten und Ank\u00fcndigungen<\/h6><\/div>\n\n\n\n<div class=\"wp-block-uagb-advanced-heading uagb-block-a29744a5\"><h2 class=\"uagb-heading-text\">Aktuelles aus der Gemeinschaft<\/h2><\/div>\n\n\n\n<div class=\"wp-block-uagb-container uagb-layout-flex uagb-block-b969eff2\">\n\t\t\t<div class=\"wp-block-uagb-post-carousel uagb-post-grid  uagb-post__image-position-top uagb-post__image-disabled uagb-block-b2d36fe5     uagb-post__arrow-outside uagb-slick-carousel uagb-post__items uagb-post__columns-2 is-carousel uagb-post__columns-tablet-2 uagb-post__columns-mobile-1 uagb-post__carousel_equal-height\" data-total=\"7\" style=\"\">\n\n\t\t\t\t\t\t\t\t\t\t\t\t<article class=\"uagb-post__inner-wrap\">\t\t\t\t\t\t\t\t<h4 class=\"uagb-post__title uagb-post__text\">\n\t\t\t\t<a href=\"https:\/\/www.eg-suedharz.de\/gemeinde\/2025\/08\/01\/cafes-im-harz-die-7-besten-cafes-laut-google-bewertung\/\" target=\"_self\" rel=\"bookmark noopener noreferrer\">Caf\u00e9s im Harz: Die 7 besten Caf\u00e9s laut Google-Bewertung<\/a>\n\t\t\t<\/h4>\n\t\t\t\t\t\t<div class='uagb-post__text uagb-post-grid-byline'>\n\t\t\t\t\t\t\t\t<time datetime=\"2025-08-01T18:47:07+02:00\" class=\"uagb-post__date\">\n\t\t\t\t<span class=\"dashicons-calendar dashicons\"><\/span>\t\t\t\t\t1. August 2025\t\t\t\t<\/time>\n\t\t\t\t\t\t<\/div>\n\t\t\t\t\t\t\t<div class='uagb-post__text uagb-post__excerpt'>\n\t\t\t\t\t<p>Harz.\u00a0Dank Update jetzt mit noch mehr Kaffee: Das sind die aktuell sieben besten Caf\u00e9s im Harz zum Ankommen, Aufatmen und&#8230;\t\t\t\t<\/div>\n\t\t\t\t\t\t<div class=\"uagb-post__text uagb-post__cta wp-block-button\">\n\t\t\t\t<a class=\"wp-block-button__link uagb-text-link\" style=\"\" href=\"https:\/\/www.eg-suedharz.de\/gemeinde\/2025\/08\/01\/cafes-im-harz-die-7-besten-cafes-laut-google-bewertung\/\" target=\"_self\" rel=\"bookmark noopener noreferrer\">Weiterlesen<\/a>\n\t\t\t<\/div>\n\t\t\t\n\t\t\t\t\t\t\t\t\t<\/article>\n\t\t\t\t\t\t\t\t\t\t\t\t\t\t\t\t<article class=\"uagb-post__inner-wrap\">\t\t\t\t\t\t\t\t<h4 class=\"uagb-post__title uagb-post__text\">\n\t\t\t\t<a href=\"https:\/\/www.eg-suedharz.de\/gemeinde\/2024\/01\/09\/lernende-gemeinschaft\/\" target=\"_self\" rel=\"bookmark noopener noreferrer\">Lernende Gemeinschaft<\/a>\n\t\t\t<\/h4>\n\t\t\t\t\t\t<div class='uagb-post__text uagb-post-grid-byline'>\n\t\t\t\t\t\t\t\t<time datetime=\"2024-01-09T09:39:00+01:00\" class=\"uagb-post__date\">\n\t\t\t\t<span class=\"dashicons-calendar dashicons\"><\/span>\t\t\t\t\t9. Januar 2024\t\t\t\t<\/time>\n\t\t\t\t\t\t<\/div>\n\t\t\t\t\t\t\t<div class='uagb-post__text uagb-post__excerpt'>\n\t\t\t\t\t<p>Vom 18.11. bis zum 19.11. haben Bettina Westland, Knut-Peter Sawall und ich, Julia Dohl, ein \u00e4u\u00dferst produktives und motivierendes Wochenende&#8230;\t\t\t\t<\/div>\n\t\t\t\t\t\t<div class=\"uagb-post__text uagb-post__cta wp-block-button\">\n\t\t\t\t<a class=\"wp-block-button__link uagb-text-link\" style=\"\" href=\"https:\/\/www.eg-suedharz.de\/gemeinde\/2024\/01\/09\/lernende-gemeinschaft\/\" target=\"_self\" rel=\"bookmark noopener noreferrer\">Weiterlesen<\/a>\n\t\t\t<\/div>\n\t\t\t\n\t\t\t\t\t\t\t\t\t<\/article>\n\t\t\t\t\t\t\t\t\t\t\t\t\t\t\t\t<article class=\"uagb-post__inner-wrap\">\t\t\t\t\t\t\t\t<h4 class=\"uagb-post__title uagb-post__text\">\n\t\t\t\t<a href=\"https:\/\/www.eg-suedharz.de\/gemeinde\/2023\/07\/04\/koolday-der-kinderkirche-2023\/\" target=\"_self\" rel=\"bookmark noopener noreferrer\">Koolday der Kinderkirche 2023<\/a>\n\t\t\t<\/h4>\n\t\t\t\t\t\t<div class='uagb-post__text uagb-post-grid-byline'>\n\t\t\t\t\t\t\t\t<time datetime=\"2023-07-04T13:30:00+02:00\" class=\"uagb-post__date\">\n\t\t\t\t<span class=\"dashicons-calendar dashicons\"><\/span>\t\t\t\t\t4. Juli 2023\t\t\t\t<\/time>\n\t\t\t\t\t\t<\/div>\n\t\t\t\t\t\t\t<div class='uagb-post__text uagb-post__excerpt'>\n\t\t\t\t\t<p>25. Mai 2023: Morgens um 07:45 Uhr sammeln sich 14 Kinder, 6 Mitarbeiter und 2 Spielstandhelfer am Gemeindehaus, um gemeinsam&#8230;\t\t\t\t<\/div>\n\t\t\t\t\t\t<div class=\"uagb-post__text uagb-post__cta wp-block-button\">\n\t\t\t\t<a class=\"wp-block-button__link uagb-text-link\" style=\"\" href=\"https:\/\/www.eg-suedharz.de\/gemeinde\/2023\/07\/04\/koolday-der-kinderkirche-2023\/\" target=\"_self\" rel=\"bookmark noopener noreferrer\">Weiterlesen<\/a>\n\t\t\t<\/div>\n\t\t\t\n\t\t\t\t\t\t\t\t\t<\/article>\n\t\t\t\t\t\t\t\t\t\t\t\t\t\t\t\t<article class=\"uagb-post__inner-wrap\">\t\t\t\t\t\t\t\t<h4 class=\"uagb-post__title uagb-post__text\">\n\t\t\t\t<a href=\"https:\/\/www.eg-suedharz.de\/gemeinde\/2023\/01\/11\/anders-als-starbucks\/\" target=\"_self\" rel=\"bookmark noopener noreferrer\">Anders als Starbucks<\/a>\n\t\t\t<\/h4>\n\t\t\t\t\t\t<div class='uagb-post__text uagb-post-grid-byline'>\n\t\t\t\t\t\t\t\t<time datetime=\"2023-01-11T17:13:00+01:00\" class=\"uagb-post__date\">\n\t\t\t\t<span class=\"dashicons-calendar dashicons\"><\/span>\t\t\t\t\t11. Januar 2023\t\t\t\t<\/time>\n\t\t\t\t\t\t<\/div>\n\t\t\t\t\t\t\t<div class='uagb-post__text uagb-post__excerpt'>\n\t\t\t\t\t<p>Das Focus Caf\u00e9 in Bad Lauterberg hat seine T\u00fcren ge\u00f6ffnet Was unterscheidet das Focus Caf\u00e9 in Bad Lauterberg beispielsweise von&#8230;\t\t\t\t<\/div>\n\t\t\t\t\t\t<div class=\"uagb-post__text uagb-post__cta wp-block-button\">\n\t\t\t\t<a class=\"wp-block-button__link uagb-text-link\" style=\"\" href=\"https:\/\/www.eg-suedharz.de\/gemeinde\/2023\/01\/11\/anders-als-starbucks\/\" target=\"_self\" rel=\"bookmark noopener noreferrer\">Weiterlesen<\/a>\n\t\t\t<\/div>\n\t\t\t\n\t\t\t\t\t\t\t\t\t<\/article>\n\t\t\t\t\t\t\t\t\t\t\t\t\t\t\t\t<article class=\"uagb-post__inner-wrap\">\t\t\t\t\t\t\t\t<h4 class=\"uagb-post__title uagb-post__text\">\n\t\t\t\t<a href=\"https:\/\/www.eg-suedharz.de\/gemeinde\/2022\/12\/22\/herzliche-einladung-zum-heiligabendgottesdienst-und-jahresschlussgottesdienst\/\" target=\"_self\" rel=\"bookmark noopener noreferrer\">Herzliche Einladung zum Heiligabendgottesdienst und Jahresschlussgottesdienst!<\/a>\n\t\t\t<\/h4>\n\t\t\t\t\t\t<div class='uagb-post__text uagb-post-grid-byline'>\n\t\t\t\t\t\t\t\t<time datetime=\"2022-12-22T19:40:00+01:00\" class=\"uagb-post__date\">\n\t\t\t\t<span class=\"dashicons-calendar dashicons\"><\/span>\t\t\t\t\t22. Dezember 2022\t\t\t\t<\/time>\n\t\t\t\t\t\t<\/div>\n\t\t\t\t\t\t\t<div class='uagb-post__text uagb-post__excerpt'>\n\t\t\t\t\t<p>Besuchen Sie gerne unseren Heiligabendgottesdienst am 24.12. um 17 Uhr und unseren Jahresschlussgottesdienst am 31.12. um 15 Uhr jeweils in&#8230;\t\t\t\t<\/div>\n\t\t\t\t\t\t<div class=\"uagb-post__text uagb-post__cta wp-block-button\">\n\t\t\t\t<a class=\"wp-block-button__link uagb-text-link\" style=\"\" href=\"https:\/\/www.eg-suedharz.de\/gemeinde\/2022\/12\/22\/herzliche-einladung-zum-heiligabendgottesdienst-und-jahresschlussgottesdienst\/\" target=\"_self\" rel=\"bookmark noopener noreferrer\">Weiterlesen<\/a>\n\t\t\t<\/div>\n\t\t\t\n\t\t\t\t\t\t\t\t\t<\/article>\n\t\t\t\t\t\t\t\t\t\t\t\t\t\t\t\t<article class=\"uagb-post__inner-wrap\">\t\t\t\t\t\t\t\t<h4 class=\"uagb-post__title uagb-post__text\">\n\t\t\t\t<a href=\"https:\/\/www.eg-suedharz.de\/gemeinde\/2022\/08\/01\/einfuehrungsgottesdienst-julia-dohl-am-04-09\/\" target=\"_self\" rel=\"bookmark noopener noreferrer\">Einf\u00fchrungsgottesdienst Julia Dohl am 04.09.<\/a>\n\t\t\t<\/h4>\n\t\t\t\t\t\t<div class='uagb-post__text uagb-post-grid-byline'>\n\t\t\t\t\t\t\t\t<time datetime=\"2022-08-01T17:00:00+02:00\" class=\"uagb-post__date\">\n\t\t\t\t<span class=\"dashicons-calendar dashicons\"><\/span>\t\t\t\t\t1. August 2022\t\t\t\t<\/time>\n\t\t\t\t\t\t<\/div>\n\t\t\t\t\t\t\t<div class='uagb-post__text uagb-post__excerpt'>\n\t\t\t\t\t<p>Julia Dohl \u00fcbernimmt ab dem 01.09. die Stelle der Gemeinschaftspastorin der ev. Gemeinschaft S\u00fcdharz e.V. und als Jugendreferentin des EC&#8230;\t\t\t\t<\/div>\n\t\t\t\t\t\t<div class=\"uagb-post__text uagb-post__cta wp-block-button\">\n\t\t\t\t<a class=\"wp-block-button__link uagb-text-link\" style=\"\" href=\"https:\/\/www.eg-suedharz.de\/gemeinde\/2022\/08\/01\/einfuehrungsgottesdienst-julia-dohl-am-04-09\/\" target=\"_self\" rel=\"bookmark noopener noreferrer\">Weiterlesen<\/a>\n\t\t\t<\/div>\n\t\t\t\n\t\t\t\t\t\t\t\t\t<\/article>\n\t\t\t\t\t\t\t\t\t\t\t<\/div>\n\t\t\t<\/div>\n<\/div><\/div>\n\n\n\n<div class=\"wp-block-uagb-container no-lightbox uagb-layout-grid uagb-block-f3362a88 alignfull uagb-is-root-container\"><div class=\"uagb-container-inner-blocks-wrap\">\n<div class=\"wp-block-uagb-container uagb-block-484928d5\">\n<figure class=\"wp-block-gallery aligncenter has-nested-images columns-1 is-cropped wp-block-gallery-1 is-layout-flex wp-block-gallery-is-layout-flex\">\n<figure class=\"wp-block-image size-full has-custom-border\"><img loading=\"lazy\" decoding=\"async\" width=\"711\" height=\"400\" data-id=\"1049\" src=\"https:\/\/www.eg-suedharz.de\/gemeinde\/wp-content\/uploads\/sites\/3\/2025\/06\/image-45.jpg\" alt=\"\" class=\"wp-image-1049\" style=\"border-top-left-radius:20px;border-top-right-radius:20px\" srcset=\"https:\/\/www.eg-suedharz.de\/gemeinde\/wp-content\/uploads\/sites\/3\/2025\/06\/image-45.jpg 711w, https:\/\/www.eg-suedharz.de\/gemeinde\/wp-content\/uploads\/sites\/3\/2025\/06\/image-45-300x169.jpg 300w\" sizes=\"auto, (max-width: 711px) 100vw, 711px\" \/><\/figure>\n\n\n\n<figure class=\"wp-block-image size-full has-custom-border\"><img loading=\"lazy\" decoding=\"async\" width=\"2560\" height=\"1922\" data-id=\"1062\" src=\"https:\/\/www.eg-suedharz.de\/gemeinde\/wp-content\/uploads\/sites\/3\/2025\/06\/gemeinderaum-scaled.jpg\" alt=\"\" class=\"wp-image-1062\" style=\"border-bottom-left-radius:20px;border-bottom-right-radius:20px\" srcset=\"https:\/\/www.eg-suedharz.de\/gemeinde\/wp-content\/uploads\/sites\/3\/2025\/06\/gemeinderaum-scaled.jpg 2560w, https:\/\/www.eg-suedharz.de\/gemeinde\/wp-content\/uploads\/sites\/3\/2025\/06\/gemeinderaum-300x225.jpg 300w, https:\/\/www.eg-suedharz.de\/gemeinde\/wp-content\/uploads\/sites\/3\/2025\/06\/gemeinderaum-1024x769.jpg 1024w, https:\/\/www.eg-suedharz.de\/gemeinde\/wp-content\/uploads\/sites\/3\/2025\/06\/gemeinderaum-768x577.jpg 768w, https:\/\/www.eg-suedharz.de\/gemeinde\/wp-content\/uploads\/sites\/3\/2025\/06\/gemeinderaum-1536x1153.jpg 1536w, https:\/\/www.eg-suedharz.de\/gemeinde\/wp-content\/uploads\/sites\/3\/2025\/06\/gemeinderaum-2048x1538.jpg 2048w\" sizes=\"auto, (max-width: 2560px) 100vw, 2560px\" \/><\/figure>\n<\/figure>\n<\/div>\n\n\n\n<div class=\"wp-block-uagb-container uagb-block-3fd1e8ef\">\n<div class=\"wp-block-uagb-advanced-heading uagb-block-968bdf41\"><h2 class=\"uagb-heading-text\">Wer wir sind &amp;<br>wozu wir geh\u00f6ren<\/h2><p class=\"uagb-desc-text\">Die Evangelische Gemeinschaft m\u00f6chte f\u00fcr Dich in Herzberg und Bad Lauterberg ein erg\u00e4nzendes Angebot kirchlicher Veranstaltungen bieten. Wir finanzieren uns nicht durch Kirchensteuern, sondern ausschlie\u00dflich durch freiwillige Beitr\u00e4ge.<br><br><a href=\"https:\/\/www.eg-suedharz.de\/gemeinde\/uber-uns\/\" data-type=\"page\" data-id=\"921\">Weitere Informationen \u00fcber uns findest du hier <strong>\u279c<\/strong><\/a><\/p><\/div>\n<\/div>\n<\/div><\/div>\n","protected":false},"excerpt":{"rendered":"<p>Neuigkeiten und Ank\u00fcndigungen Aktuelles aus der Gemeinschaft Wer wir sind &amp;wozu wir geh\u00f6ren Die Evangelische Gemeinschaft m\u00f6chte f\u00fcr Dich in [&hellip;]<\/p>\n","protected":false},"author":1,"featured_media":0,"parent":0,"menu_order":0,"comment_status":"closed","ping_status":"closed","template":"","meta":{"_uag_custom_page_level_css":"","site-sidebar-layout":"no-sidebar","site-content-layout":"","ast-site-content-layout":"full-width-container","site-content-style":"unboxed","site-sidebar-style":"default","ast-global-header-display":"","ast-banner-title-visibility":"","ast-main-header-display":"","ast-hfb-above-header-display":"","ast-hfb-below-header-display":"","ast-hfb-mobile-header-display":"","site-post-title":"disabled","ast-breadcrumbs-content":"","ast-featured-img":"","footer-sml-layout":"","ast-disable-related-posts":"","theme-transparent-header-meta":"","adv-header-id-meta":"","stick-header-meta":"","header-above-stick-meta":"","header-main-stick-meta":"","header-below-stick-meta":"","astra-migrate-meta-layouts":"default","ast-page-background-enabled":"default","ast-page-background-meta":{"desktop":{"background-color":"var(--ast-global-color-4)","background-image":"","background-repeat":"repeat","background-position":"center center","background-size":"auto","background-attachment":"scroll","background-type":"","background-media":"","overlay-type":"","overlay-color":"","overlay-opacity":"","overlay-gradient":""},"tablet":{"background-color":"","background-image":"","background-repeat":"repeat","background-position":"center center","background-size":"auto","background-attachment":"scroll","background-type":"","background-media":"","overlay-type":"","overlay-color":"","overlay-opacity":"","overlay-gradient":""},"mobile":{"background-color":"","background-image":"","background-repeat":"repeat","background-position":"center center","background-size":"auto","background-attachment":"scroll","background-type":"","background-media":"","overlay-type":"","overlay-color":"","overlay-opacity":"","overlay-gradient":""}},"ast-content-background-meta":{"desktop":{"background-color":"var(--ast-global-color-5)","background-image":"","background-repeat":"repeat","background-position":"center center","background-size":"auto","background-attachment":"scroll","background-type":"","background-media":"","overlay-type":"","overlay-color":"","overlay-opacity":"","overlay-gradient":""},"tablet":{"background-color":"var(--ast-global-color-5)","background-image":"","background-repeat":"repeat","background-position":"center center","background-size":"auto","background-attachment":"scroll","background-type":"","background-media":"","overlay-type":"","overlay-color":"","overlay-opacity":"","overlay-gradient":""},"mobile":{"background-color":"var(--ast-global-color-5)","background-image":"","background-repeat":"repeat","background-position":"center center","background-size":"auto","background-attachment":"scroll","background-type":"","background-media":"","overlay-type":"","overlay-color":"","overlay-opacity":"","overlay-gradient":""}},"footnotes":""},"class_list":["post-918","page","type-page","status-publish","hentry"],"uagb_featured_image_src":{"full":false,"thumbnail":false,"medium":false,"medium_large":false,"large":false,"1536x1536":false,"2048x2048":false},"uagb_author_info":{"display_name":"Jonas","author_link":"https:\/\/www.eg-suedharz.de\/gemeinde\/author\/suedjonas\/"},"uagb_comment_info":0,"uagb_excerpt":"Neuigkeiten und Ank\u00fcndigungen Aktuelles aus der Gemeinschaft Wer wir sind &amp;wozu wir geh\u00f6ren Die Evangelische Gemeinschaft m\u00f6chte f\u00fcr Dich in [&hellip;]","_links":{"self":[{"href":"https:\/\/www.eg-suedharz.de\/gemeinde\/wp-json\/wp\/v2\/pages\/918","targetHints":{"allow":["GET"]}}],"collection":[{"href":"https:\/\/www.eg-suedharz.de\/gemeinde\/wp-json\/wp\/v2\/pages"}],"about":[{"href":"https:\/\/www.eg-suedharz.de\/gemeinde\/wp-json\/wp\/v2\/types\/page"}],"author":[{"embeddable":true,"href":"https:\/\/www.eg-suedharz.de\/gemeinde\/wp-json\/wp\/v2\/users\/1"}],"replies":[{"embeddable":true,"href":"https:\/\/www.eg-suedharz.de\/gemeinde\/wp-json\/wp\/v2\/comments?post=918"}],"version-history":[{"count":14,"href":"https:\/\/www.eg-suedharz.de\/gemeinde\/wp-json\/wp\/v2\/pages\/918\/revisions"}],"predecessor-version":[{"id":1285,"href":"https:\/\/www.eg-suedharz.de\/gemeinde\/wp-json\/wp\/v2\/pages\/918\/revisions\/1285"}],"wp:attachment":[{"href":"https:\/\/www.eg-suedharz.de\/gemeinde\/wp-json\/wp\/v2\/media?parent=918"}],"curies":[{"name":"wp","href":"https:\/\/api.w.org\/{rel}","templated":true}]}}