{"id":1225,"date":"2025-06-05T00:54:59","date_gmt":"2025-06-04T22:54:59","guid":{"rendered":"https:\/\/www.eg-suedharz.de\/gemeinde\/?page_id=1225"},"modified":"2025-12-01T15:40:33","modified_gmt":"2025-12-01T14:40:33","slug":"kinder-jugendliche","status":"publish","type":"page","link":"https:\/\/www.eg-suedharz.de\/gemeinde\/angebote\/kinder-jugendliche\/","title":{"rendered":"Angebote f\u00fcr Kinder, Jugendliche und junge Erwachsene"},"content":{"rendered":"\n<div class=\"wp-block-uagb-container uagb-block-d813a79f alignfull uagb-is-root-container\"><div class=\"uagb-container-inner-blocks-wrap\">\n<div class=\"wp-block-uagb-info-box uagb-block-84311fa0 uagb-infobox__content-wrap  uagb-infobox-icon-above-title uagb-infobox-image-valign-top\"><div class=\"uagb-ifb-content\"><div class=\"uagb-ifb-title-wrap\"><h6 class=\"uagb-ifb-title-prefix\">Veranstaltungen und angebote<\/h6><h1 class=\"uagb-ifb-title\">F\u00fcr Kinder, Jugendliche<br>und junge Erwachsene<\/h1><\/div><\/div><\/div>\n<\/div><\/div>\n\n\n\n<div class=\"wp-block-uagb-container no-lightbox uagb-block-f7e8e06b alignfull uagb-is-root-container\"><div class=\"uagb-container-inner-blocks-wrap\">\n<div class=\"wp-block-uagb-container uagb-block-828516f7\">\n<div class=\"wp-block-uagb-info-box uagb-block-580c02df uagb-infobox__content-wrap  uagb-infobox-icon-above-title uagb-infobox-image-valign-top\"><div class=\"uagb-ifb-content\"><div class=\"uagb-ifb-title-wrap\"><h2 class=\"uagb-ifb-title-prefix\">Babys &amp; Kleinkinder<\/h2><\/div><div class=\"uagb-ifb-separator\"><\/div><\/div><\/div>\n\n\n\n<div class=\"wp-block-uagb-advanced-heading uagb-block-1bce4b41\"><p class=\"uagb-desc-text\">Du hast ein Kind im Alter zwischen&nbsp;<strong>0 und 3 Jahren<\/strong>?<br>Dann bist du bei Focus Family genau richtig!&nbsp;<strong>Jeden Donnerstag<\/strong>&nbsp;treffen sich junge Eltern um&nbsp;<strong>10:30 Uhr<\/strong>&nbsp;in Bad Lauterberg im Focus Caf\u00e9. Es ist Raum zum Kennenlernen, Quatschen, Erfahrungen austauschen und Kaffetrinken.<br><br>Im Caf\u00e9 ist eine gro\u00dfe Spielmatte vorhanden, auf welcher die Kinder Platz zum Spielen haben. Au\u00dferdem gibt es Baukl\u00f6tze und einige andere Spielzeuge.<\/p><\/div>\n<\/div>\n\n\n\n<div class=\"wp-block-uagb-container uagb-block-06473ea3\">\n<div class=\"wp-block-uagb-image uagb-block-ed781db9 wp-block-uagb-image--layout-default wp-block-uagb-image--effect-static wp-block-uagb-image--align-none\"><figure class=\"wp-block-uagb-image__figure\"><img decoding=\"async\" srcset=\"https:\/\/www.eg-suedharz.de\/gemeinde\/wp-content\/uploads\/sites\/3\/2025\/06\/focus-family.jpg ,https:\/\/www.eg-suedharz.de\/gemeinde\/wp-content\/uploads\/sites\/3\/2025\/06\/focus-family.jpg 780w, https:\/\/www.eg-suedharz.de\/gemeinde\/wp-content\/uploads\/sites\/3\/2025\/06\/focus-family.jpg 360w\" sizes=\"auto, (max-width: 480px) 150px\" src=\"https:\/\/www.eg-suedharz.de\/gemeinde\/wp-content\/uploads\/sites\/3\/2025\/06\/focus-family.jpg\" alt=\"\" class=\"uag-image-1226\" width=\"600\" height=\"550\" title=\"focus-family\" loading=\"lazy\" role=\"img\"\/><\/figure><\/div>\n<\/div>\n<\/div><\/div>\n\n\n\n<div class=\"wp-block-uagb-container no-lightbox uagb-block-fac7244b alignfull uagb-is-root-container\"><div class=\"uagb-container-inner-blocks-wrap\">\n<div class=\"wp-block-uagb-container uagb-block-c67fc07c\">\n<div class=\"wp-block-uagb-image uagb-block-0e621cfe wp-block-uagb-image--layout-default wp-block-uagb-image--effect-static wp-block-uagb-image--align-none\"><figure class=\"wp-block-uagb-image__figure\"><img decoding=\"async\" srcset=\"https:\/\/www.eg-suedharz.de\/gemeinde\/wp-content\/uploads\/sites\/3\/2025\/06\/kinderraum-1024x769.jpg ,https:\/\/www.eg-suedharz.de\/gemeinde\/wp-content\/uploads\/sites\/3\/2025\/06\/kinderraum-scaled.jpg 780w, https:\/\/www.eg-suedharz.de\/gemeinde\/wp-content\/uploads\/sites\/3\/2025\/06\/kinderraum-scaled.jpg 360w\" sizes=\"auto, (max-width: 480px) 150px\" src=\"https:\/\/www.eg-suedharz.de\/gemeinde\/wp-content\/uploads\/sites\/3\/2025\/06\/kinderraum-1024x769.jpg\" alt=\"\" class=\"uag-image-1064\" width=\"600\" height=\"550\" title=\"kinderraum\" loading=\"lazy\" role=\"img\"\/><\/figure><\/div>\n<\/div>\n\n\n\n<div class=\"wp-block-uagb-container uagb-block-f0af2b45\">\n<div class=\"wp-block-uagb-info-box uagb-block-d4218e9c uagb-infobox__content-wrap  uagb-infobox-icon-above-title uagb-infobox-image-valign-top\"><div class=\"uagb-ifb-content\"><div class=\"uagb-ifb-title-wrap\"><h2 class=\"uagb-ifb-title-prefix\">Kinderkirche<\/h2><\/div><div class=\"uagb-ifb-separator\"><\/div><\/div><\/div>\n\n\n\n<div class=\"wp-block-uagb-advanced-heading uagb-block-f38775b0\"><p class=\"uagb-desc-text\">Jeden&nbsp;<strong>dritten Samstag um 10 Uhr<\/strong>&nbsp;findet in&nbsp;Bad Lauterberg&nbsp;die Kinderkirche statt.<br><br>Wenn du zwischen&nbsp;<strong>5 und 12 Jahren<\/strong>&nbsp;alt bist, laden wir dich herzlich zu unserer Kinderkirche ein. Dies ist ein gemeinsames Angebot der St. Andreas Gemeinde und der Ev. Gemeinschaft S\u00fcdharz, das meist einmal im Monat am Samstag Vormittag von 10 bis 12 Uhr im St. Andreas-Gemeindehaus stattfindet.<br>In fr\u00f6hlicher Runde singen, beten und spielen wir, h\u00f6ren und erleben Geschichten aus der Bibel, basteln, essen und haben einfach eine gute, gemeinsame Zeit mit Gott.<br>In den letzten Monaten haben wir von K\u00f6nig Salomo geh\u00f6rt, den Gott reich segnete, der zu seiner Zeit der weiseste und m\u00e4chtigste K\u00f6nig war, der seinem Gott den pr\u00e4chtigen Tempel in Jerusalem baute und der schlie\u00dflich im Alter nicht mehr nur Gott allein diente. Diese Geschichte hat kein Happy End, aber Gott schenkt uns in Jesus die Chance auf ein gutes Ende, weil er am Kreuz alles f\u00fcr uns getan hat.<br><br>Diese beste aller Nachrichten m\u00f6chten wir den Kindern weitergeben, denn Kinder haben einen Platz ganz nah am Herzen Gottes.<\/p><\/div>\n<\/div>\n<\/div><\/div>\n\n\n\n<div class=\"wp-block-uagb-container no-lightbox uagb-block-3ef12d1e alignfull uagb-is-root-container\"><div class=\"uagb-container-inner-blocks-wrap\">\n<div class=\"wp-block-uagb-container uagb-block-881d52ed\">\n<div class=\"wp-block-uagb-info-box uagb-block-f319cf99 uagb-infobox__content-wrap  uagb-infobox-icon-above-title uagb-infobox-image-valign-top\"><div class=\"uagb-ifb-content\"><div class=\"uagb-ifb-title-wrap\"><h2 class=\"uagb-ifb-title-prefix\">Jugendliche<\/h2><\/div><div class=\"uagb-ifb-separator\"><\/div><\/div><\/div>\n\n\n\n<div class=\"wp-block-uagb-advanced-heading uagb-block-d0135e45\"><p class=\"uagb-desc-text\"><strong>Focus Youth <\/strong>ist unser Jugendabend f\u00fcr Teenager und\u00a0<strong>Jugendliche von 13 bis 18 Jahren.<\/strong>\u00a0Wir treffen uns jeden\u00a0<strong>Mittwochabend ab 18 Uhr<\/strong>\u00a0im\u00a0<strong>Focus Caf\u00e9<\/strong>\u00a0in Bad Lauterberg.<br><br>Unsere Abende sind gepr\u00e4gt von Gemeinschaft, Gespr\u00e4chen, gutem Essen und einem inhaltlichen Thema. Zuerst gibt es ein entspanntes Ankommen und anschlie\u00dfend wird gemeinsam gegessen. Das Essen sieht dabei so aus, dass wir Brot und Butter stellen und die Teilnehmenden einen Aufstrich,\u00a0 Gem\u00fcse oder \u00c4hnliches selbst mitbringen. Daraus ergibt sich jede Woche ein bunter Tisch mit einer guten Auswahl f\u00fcr jede und jeden.<br>Im weiteren Verlauf des Abends wird gesungen, gespielt und gequatscht. Au\u00dferdem gibt es jede Woche ein inhaltliches Thema. Das kann dabei ganz verschieden aussehen. Manchmal sind G\u00e4ste da, die uns ein Thema mitbringen, manchmal gibt es Themenreihen oder einzelne Themen, die von Julia bzw. dem Mitarbeitenden-Team vorbereitet wurden. Wir wollen den Teilnehmenden dabei das Evangelium aus unseren eigenen Erfahrungen heraus nahebringen und aufzeigen, dass Jesus auch heute noch etwas mit unserem Leben zu tun hat. Es geht darum Erfahrungen zu teilen, aufzutanken und im Glauben und der Pers\u00f6nlichkeit anzukommen und auch zu wachsen.<br>\u00a0<br>Weitere Infos dazu findest du <a href=\"https:\/\/www.eg-suedharz.de\/ec\/events\/\" data-type=\"link\" data-id=\"https:\/\/www.eg-suedharz.de\/ec\/events\/\" target=\"_blank\" rel=\"noreferrer noopener\">hier \u279c<\/a>.<\/p><\/div>\n<\/div>\n\n\n\n<div class=\"wp-block-uagb-container uagb-block-cd0c7b67\">\n<div class=\"wp-block-uagb-image uagb-block-07721a08 wp-block-uagb-image--layout-default wp-block-uagb-image--effect-static wp-block-uagb-image--align-none\"><figure class=\"wp-block-uagb-image__figure\"><img decoding=\"async\" srcset=\"https:\/\/www.eg-suedharz.de\/gemeinde\/wp-content\/uploads\/sites\/3\/2025\/06\/P1320663-2000x1200-1-1024x614.jpg ,https:\/\/www.eg-suedharz.de\/gemeinde\/wp-content\/uploads\/sites\/3\/2025\/06\/P1320663-2000x1200-1.jpg 780w, https:\/\/www.eg-suedharz.de\/gemeinde\/wp-content\/uploads\/sites\/3\/2025\/06\/P1320663-2000x1200-1.jpg 360w\" sizes=\"auto, (max-width: 480px) 150px\" src=\"https:\/\/www.eg-suedharz.de\/gemeinde\/wp-content\/uploads\/sites\/3\/2025\/06\/P1320663-2000x1200-1-1024x614.jpg\" alt=\"\" class=\"uag-image-1228\" width=\"600\" height=\"550\" title=\"P1320663-2000x1200\" loading=\"lazy\" role=\"img\"\/><\/figure><\/div>\n<\/div>\n<\/div><\/div>\n\n\n\n<div class=\"wp-block-uagb-container no-lightbox uagb-block-064b5c49 alignfull uagb-is-root-container\"><div class=\"uagb-container-inner-blocks-wrap\">\n<div class=\"wp-block-uagb-container uagb-block-39d907ef\">\n<div class=\"wp-block-uagb-image uagb-block-688bb52f wp-block-uagb-image--layout-default wp-block-uagb-image--effect-static wp-block-uagb-image--align-none\"><figure class=\"wp-block-uagb-image__figure\"><img decoding=\"async\" srcset=\"https:\/\/www.eg-suedharz.de\/gemeinde\/wp-content\/uploads\/sites\/3\/2025\/06\/cropped-P1490402-scaled-1-1024x683.jpg ,https:\/\/www.eg-suedharz.de\/gemeinde\/wp-content\/uploads\/sites\/3\/2025\/06\/cropped-P1490402-scaled-1.jpg 780w, https:\/\/www.eg-suedharz.de\/gemeinde\/wp-content\/uploads\/sites\/3\/2025\/06\/cropped-P1490402-scaled-1.jpg 360w\" sizes=\"auto, (max-width: 480px) 150px\" src=\"https:\/\/www.eg-suedharz.de\/gemeinde\/wp-content\/uploads\/sites\/3\/2025\/06\/cropped-P1490402-scaled-1-1024x683.jpg\" alt=\"\" class=\"uag-image-1227\" width=\"600\" height=\"550\" title=\"cropped-P1490402-scaled-1\" loading=\"lazy\" role=\"img\"\/><\/figure><\/div>\n<\/div>\n\n\n\n<div class=\"wp-block-uagb-container uagb-block-15c53ea9\">\n<div class=\"wp-block-uagb-info-box uagb-block-43eb2cbf uagb-infobox__content-wrap  uagb-infobox-icon-above-title uagb-infobox-image-valign-top\"><div class=\"uagb-ifb-content\"><div class=\"uagb-ifb-title-wrap\"><h2 class=\"uagb-ifb-title-prefix\">Junge Erwachsene<\/h2><\/div><div class=\"uagb-ifb-separator\"><\/div><\/div><\/div>\n\n\n\n<div class=\"wp-block-uagb-advanced-heading uagb-block-4ebe2133\"><p class=\"uagb-desc-text\">Du&nbsp;willst ein mal in der Woche richtig gutes Essen, feinste Gemeinschaft, einen Gedankenansto\u00df f\u00fcr die Woche und Lobpreis?<br><br>Dann bist du&nbsp;als junger Erwachsener herzlich willkommen. Den aktuellen Termin erf\u00e4hrst du von Julia Dohl unter 0163\/8034262. Weitere Infos f\u00fcr das Angebot Focus Edge f\u00fcr junge Erwachsene unter&nbsp;<a href=\"https:\/\/www.eg-suedharz.de\/ec\/events\/\" data-type=\"link\" data-id=\"https:\/\/www.eg-suedharz.de\/ec\/events\/\" target=\"_blank\" rel=\"noreferrer noopener\">hier \u279c<\/a>.<\/p><\/div>\n<\/div>\n<\/div><\/div>\n","protected":false},"excerpt":{"rendered":"<p>Du hast ein Kind im Alter zwischen&nbsp;0 und 3 Jahren?Dann bist du bei Focus Family genau richtig!&nbsp;Jeden Donnerstag&nbsp;treffen sich junge [&hellip;]<\/p>\n","protected":false},"author":1,"featured_media":0,"parent":1220,"menu_order":0,"comment_status":"closed","ping_status":"closed","template":"","meta":{"_uag_custom_page_level_css":"","site-sidebar-layout":"default","site-content-layout":"","ast-site-content-layout":"","site-content-style":"default","site-sidebar-style":"default","ast-global-header-display":"","ast-banner-title-visibility":"","ast-main-header-display":"","ast-hfb-above-header-display":"","ast-hfb-below-header-display":"","ast-hfb-mobile-header-display":"","site-post-title":"disabled","ast-breadcrumbs-content":"","ast-featured-img":"disabled","footer-sml-layout":"","ast-disable-related-posts":"","theme-transparent-header-meta":"","adv-header-id-meta":"","stick-header-meta":"","header-above-stick-meta":"","header-main-stick-meta":"","header-below-stick-meta":"","astra-migrate-meta-layouts":"default","ast-page-background-enabled":"default","ast-page-background-meta":{"desktop":{"background-color":"var(--ast-global-color-4)","background-image":"","background-repeat":"repeat","background-position":"center center","background-size":"auto","background-attachment":"scroll","background-type":"","background-media":"","overlay-type":"","overlay-color":"","overlay-opacity":"","overlay-gradient":""},"tablet":{"background-color":"","background-image":"","background-repeat":"repeat","background-position":"center center","background-size":"auto","background-attachment":"scroll","background-type":"","background-media":"","overlay-type":"","overlay-color":"","overlay-opacity":"","overlay-gradient":""},"mobile":{"background-color":"","background-image":"","background-repeat":"repeat","background-position":"center center","background-size":"auto","background-attachment":"scroll","background-type":"","background-media":"","overlay-type":"","overlay-color":"","overlay-opacity":"","overlay-gradient":""}},"ast-content-background-meta":{"desktop":{"background-color":"var(--ast-global-color-5)","background-image":"","background-repeat":"repeat","background-position":"center center","background-size":"auto","background-attachment":"scroll","background-type":"","background-media":"","overlay-type":"","overlay-color":"","overlay-opacity":"","overlay-gradient":""},"tablet":{"background-color":"var(--ast-global-color-5)","background-image":"","background-repeat":"repeat","background-position":"center center","background-size":"auto","background-attachment":"scroll","background-type":"","background-media":"","overlay-type":"","overlay-color":"","overlay-opacity":"","overlay-gradient":""},"mobile":{"background-color":"var(--ast-global-color-5)","background-image":"","background-repeat":"repeat","background-position":"center center","background-size":"auto","background-attachment":"scroll","background-type":"","background-media":"","overlay-type":"","overlay-color":"","overlay-opacity":"","overlay-gradient":""}},"footnotes":""},"class_list":["post-1225","page","type-page","status-publish","hentry"],"uagb_featured_image_src":{"full":false,"thumbnail":false,"medium":false,"medium_large":false,"large":false,"1536x1536":false,"2048x2048":false},"uagb_author_info":{"display_name":"Jonas","author_link":"https:\/\/www.eg-suedharz.de\/gemeinde\/author\/suedjonas\/"},"uagb_comment_info":0,"uagb_excerpt":"Du hast ein Kind im Alter zwischen&nbsp;0 und 3 Jahren?Dann bist du bei Focus Family genau richtig!&nbsp;Jeden Donnerstag&nbsp;treffen sich junge [&hellip;]","_links":{"self":[{"href":"https:\/\/www.eg-suedharz.de\/gemeinde\/wp-json\/wp\/v2\/pages\/1225","targetHints":{"allow":["GET"]}}],"collection":[{"href":"https:\/\/www.eg-suedharz.de\/gemeinde\/wp-json\/wp\/v2\/pages"}],"about":[{"href":"https:\/\/www.eg-suedharz.de\/gemeinde\/wp-json\/wp\/v2\/types\/page"}],"author":[{"embeddable":true,"href":"https:\/\/www.eg-suedharz.de\/gemeinde\/wp-json\/wp\/v2\/users\/1"}],"replies":[{"embeddable":true,"href":"https:\/\/www.eg-suedharz.de\/gemeinde\/wp-json\/wp\/v2\/comments?post=1225"}],"version-history":[{"count":5,"href":"https:\/\/www.eg-suedharz.de\/gemeinde\/wp-json\/wp\/v2\/pages\/1225\/revisions"}],"predecessor-version":[{"id":1289,"href":"https:\/\/www.eg-suedharz.de\/gemeinde\/wp-json\/wp\/v2\/pages\/1225\/revisions\/1289"}],"up":[{"embeddable":true,"href":"https:\/\/www.eg-suedharz.de\/gemeinde\/wp-json\/wp\/v2\/pages\/1220"}],"wp:attachment":[{"href":"https:\/\/www.eg-suedharz.de\/gemeinde\/wp-json\/wp\/v2\/media?parent=1225"}],"curies":[{"name":"wp","href":"https:\/\/api.w.org\/{rel}","templated":true}]}}