{"id":418,"date":"2025-08-15T23:03:23","date_gmt":"2025-08-15T21:03:23","guid":{"rendered":"https:\/\/www.eg-suedharz.de\/ec\/events\/"},"modified":"2025-08-16T00:26:08","modified_gmt":"2025-08-15T22:26:08","slug":"events","status":"publish","type":"page","link":"https:\/\/www.eg-suedharz.de\/ec\/events\/","title":{"rendered":"Aktuelles &amp; Veranstaltungen"},"content":{"rendered":"\n<div class=\"wp-block-uagb-container uagb-block-865c9458 alignfull uagb-is-root-container\"><div class=\"uagb-container-inner-blocks-wrap\">\n<div class=\"wp-block-uagb-info-box uagb-block-5900233c uagb-infobox__content-wrap  uagb-infobox-icon-above-title uagb-infobox-image-valign-top wp-block-uagb-info-box--has-margin\"><div class=\"uagb-infobox-margin-wrapper\"><div class=\"uagb-ifb-content\"><div class=\"uagb-ifb-title-wrap\"><h6 class=\"uagb-ifb-title-prefix\">SEI EIN TEIL VOM EC IM HARZ<\/h6><h1 class=\"uagb-ifb-title\">Veranstaltungen<\/h1><\/div><\/div><\/div><\/div>\n<\/div><\/div>\n\n\n\n<div class=\"wp-block-uagb-container uagb-block-5a7f2916 alignfull uagb-is-root-container\"><div class=\"uagb-container-inner-blocks-wrap\">\n<div class=\"wp-block-uagb-container uagb-block-31a0a537\">\n<div class=\"wp-block-uagb-advanced-heading uagb-block-8fa5e302\"><p class=\"uagb-desc-text\">Im September 2021 haben wir die Schl\u00fcssel zu unserm neuen Zuhause bekommen. Seit dem hat sich einiges getan. <\/p><h4 class=\"uagb-heading-text\">Wir laden euch gerne zu Kaffee, Limo, hei\u00dfer Schokolade, selbstgemachten Geb\u00e4ck und wechselnden Events ein.<\/h4><\/div>\n\n\n\n<div class=\"wp-block-uagb-container uagb-layout-grid uagb-block-5864c86f\">\n<div class=\"wp-block-uagb-container uagb-block-ac67ae2c\">\n<div class=\"wp-block-uagb-info-box uagb-block-4e1d3433 uagb-infobox__content-wrap  uagb-infobox-icon-above-title uagb-infobox-image-valign-top wp-block-uagb-info-box--has-margin\"><div class=\"uagb-infobox-margin-wrapper\"><div class=\"uagb-ifb-content\"><div class=\"uagb-ifb-title-wrap\"><span class=\"uagb-ifb-title-prefix\">Regelm\u00e4\u00dfige Angebote<\/span><div class=\"uagb-ifb-separator\"><\/div><h4 class=\"uagb-ifb-title\"><strong>Focus Edge<\/strong><\/h4><\/div><p class=\"uagb-ifb-desc\">Du bist \u00fc-18 und auf der Suche nach genialer Gemeinschaft, richtig gutem Essen, einem Gedankenansto\u00df f\u00fcr die Woche und Lobpreis? Dann bist du bei uns als junger Erwachsener genau richtig. Die aktuellen Termine und Uhrzeiten erf\u00e4hrst du&nbsp;<a href=\"mailto:focus@ec-suedharz.de\" data-type=\"mailto\" data-id=\"mailto:focus@ec-suedharz.de\">hier.&nbsp;<\/a>Oder du rufst Julia unter 0163-8034262 an.<\/p><\/div><\/div><\/div>\n<\/div>\n\n\n\n<div class=\"wp-block-uagb-container uagb-block-29bd34f3\">\n<div class=\"wp-block-uagb-info-box uagb-block-4785c155 uagb-infobox__content-wrap  uagb-infobox-icon-above-title uagb-infobox-image-valign-top wp-block-uagb-info-box--has-margin\"><div class=\"uagb-infobox-margin-wrapper\"><div class=\"uagb-ifb-content\"><div class=\"uagb-ifb-title-wrap\"><span class=\"uagb-ifb-title-prefix\">Regelm\u00e4\u00dfige Angebote<\/span><div class=\"uagb-ifb-separator\"><\/div><h4 class=\"uagb-ifb-title\"><strong>Focus Youth<\/strong><\/h4><\/div><p class=\"uagb-ifb-desc\">Jeden Mittwoch ein neuer Focus. Jeden Mittwoch gibt\u2019s bei uns eat, pray, love &amp; learn im Focus Caf\u00e9 in der Hauptstra\u00dfe 74 in Bad Lauterberg. Um&nbsp;<strong>18 Uhr<\/strong>&nbsp;treffen wir uns zum gemeinsamen Abendessen, spielen Spiele und teilen, wie unsere Woche so war oder reden \u00fcber Gott und die Welt. Komm einfach dazu oder melde dich bei Julia unter 0163-8034262.<\/p><\/div><\/div><\/div>\n<\/div>\n\n\n\n<div class=\"wp-block-uagb-container uagb-block-78a53066\">\n<div class=\"wp-block-uagb-info-box uagb-block-0d2ff7fe uagb-infobox__content-wrap  uagb-infobox-icon-above-title uagb-infobox-image-valign-top wp-block-uagb-info-box--has-margin\"><div class=\"uagb-infobox-margin-wrapper\"><div class=\"uagb-ifb-content\"><div class=\"uagb-ifb-title-wrap\"><span class=\"uagb-ifb-title-prefix\">ABOUT JESUS. ABOUT YOU.<\/span><div class=\"uagb-ifb-separator\"><\/div><h4 class=\"uagb-ifb-title\">TRUESTORY<\/h4><\/div><p class=\"uagb-ifb-desc\">Wir haben keinen Bock auf eine Welt, in der oft nur Insta-Oberfl\u00e4chlichkeit z\u00e4hlt und man nach Aussehen und Leistung bewertet wird. Wir tr\u00e4umen von einer Welt, in der Liebe Hass besiegt, in der wir \u00fcber unsere \u00c4ngste und Zweifel offen reden k\u00f6nnen, in der Egoismus keinen Platz hat, wir ehrliche und tiefe Beziehungen haben und das Leben so leben, wie es gedacht ist.<br><br>Wir erleben, dass Jesus hier und jetzt einen Unterschied macht. Wie genau? Komm vorbei und h\u00f6r\u2018s dir an. In chilliger Atmosph\u00e4re sind neben einem Talk auch Musik, Interviews und viele coole Menschen am Start.<\/p><\/div><\/div><\/div>\n\n\n\n<div class=\"wp-block-file\"><a href=\"https:\/\/www.eg-suedharz.de\/ec\/wp-content\/uploads\/sites\/5\/2023\/03\/Werbung-Truestory.pdf\" class=\"wp-block-file__button wp-element-button\" download>Flyer Herunterladen<\/a><\/div>\n<\/div>\n<\/div>\n<\/div>\n<\/div><\/div>\n\n\n\n<div class=\"wp-block-uagb-container uagb-block-361b12f2 alignfull uagb-is-root-container\"><div class=\"uagb-container-inner-blocks-wrap\">\n<div class=\"wp-block-uagb-info-box uagb-block-19f4b6d3 uagb-infobox__content-wrap  uagb-infobox-icon-above-title uagb-infobox-image-valign-top wp-block-uagb-info-box--has-margin\"><div class=\"uagb-infobox-margin-wrapper\"><div class=\"uagb-ifb-content\"><div class=\"uagb-ifb-title-wrap\"><h6 class=\"uagb-ifb-title-prefix\">DU WILLST ETWAS BEWIRKEN?<\/h6><h2 class=\"uagb-ifb-title\">Dann nimm teil an den Treffen oder unterst\u00fctze uns mit einer Spende!<\/h2><\/div><div class=\"uagb-ifb-button-wrapper wp-block-button\"><a href=\"https:\/\/www.eg-suedharz.de\/ec\/#spenden\" class=\"uagb-infobox-cta-link wp-block-button__link\" target=\"_self\" rel=\"noopener noreferrer\" onclick=\"return true;\"><span class=\"uagb-inline-editing\">Jetzt spenden!<\/span><svg xmlns=\"https:\/\/www.w3.org\/2000\/svg\" viewBox=\"0 0 576 512\"><path d=\"M275.2 250.5c7 7.375 18.5 7.375 25.5 0l108.1-114.2c31.5-33.12 29.72-88.1-5.65-118.7c-30.88-26.75-76.75-21.9-104.9 7.724L287.1 36.91L276.8 25.28C248.7-4.345 202.7-9.194 171.1 17.56C136.7 48.18 134.7 103.2 166.4 136.3L275.2 250.5zM568.2 336.3c-13.12-17.81-38.14-21.66-55.93-8.469l-119.7 88.17h-120.6c-8.748 0-15.1-7.25-15.1-15.1c0-8.746 7.25-15.1 15.1-15.1h78.25c15.1 0 30.75-10.87 33.37-26.62c3.25-19.1-12.12-37.37-31.62-37.37H191.1c-26.1 0-53.12 9.25-74.12 26.25l-46.5 37.74l-55.37-.0253c-8.748 0-15.1 7.275-15.1 16.02L.0001 496C.0001 504.8 7.251 512 15.1 512h346.1c22.03 0 43.92-7.187 61.7-20.28l135.1-99.51C577.5 379.1 581.3 354.1 568.2 336.3z\"><\/path><\/svg><\/a><\/div><\/div><\/div><\/div>\n<\/div><\/div>\n","protected":false},"excerpt":{"rendered":"<p>Im September 2021 haben wir die Schl\u00fcssel zu unserm neuen Zuhause bekommen. Seit dem hat sich einiges getan. Wir laden euch gerne zu Kaffee, Limo, hei\u00dfer Schokolade, selbstgemachten Geb\u00e4ck und wechselnden Events ein.<\/p>\n","protected":false},"author":1,"featured_media":0,"parent":0,"menu_order":0,"comment_status":"closed","ping_status":"closed","template":"","meta":{"_uag_custom_page_level_css":"","site-sidebar-layout":"default","site-content-layout":"plain-container","ast-site-content-layout":"normal-width-container","site-content-style":"unboxed","site-sidebar-style":"unboxed","ast-global-header-display":"","ast-banner-title-visibility":"","ast-main-header-display":"","ast-hfb-above-header-display":"","ast-hfb-below-header-display":"","ast-hfb-mobile-header-display":"","site-post-title":"disabled","ast-breadcrumbs-content":"","ast-featured-img":"","footer-sml-layout":"","ast-disable-related-posts":"","theme-transparent-header-meta":"enabled","adv-header-id-meta":"","stick-header-meta":"","header-above-stick-meta":"","header-main-stick-meta":"","header-below-stick-meta":"","astra-migrate-meta-layouts":"set","ast-page-background-enabled":"default","ast-page-background-meta":{"desktop":{"background-color":"","background-image":"","background-repeat":"repeat","background-position":"center center","background-size":"auto","background-attachment":"scroll","background-type":"","background-media":"","overlay-type":"","overlay-color":"","overlay-opacity":"","overlay-gradient":""},"tablet":{"background-color":"","background-image":"","background-repeat":"repeat","background-position":"center center","background-size":"auto","background-attachment":"scroll","background-type":"","background-media":"","overlay-type":"","overlay-color":"","overlay-opacity":"","overlay-gradient":""},"mobile":{"background-color":"","background-image":"","background-repeat":"repeat","background-position":"center center","background-size":"auto","background-attachment":"scroll","background-type":"","background-media":"","overlay-type":"","overlay-color":"","overlay-opacity":"","overlay-gradient":""}},"ast-content-background-meta":{"desktop":{"background-color":"var(--ast-global-color-5)","background-image":"","background-repeat":"repeat","background-position":"center center","background-size":"auto","background-attachment":"scroll","background-type":"","background-media":"","overlay-type":"","overlay-color":"","overlay-opacity":"","overlay-gradient":""},"tablet":{"background-color":"var(--ast-global-color-5)","background-image":"","background-repeat":"repeat","background-position":"center center","background-size":"auto","background-attachment":"scroll","background-type":"","background-media":"","overlay-type":"","overlay-color":"","overlay-opacity":"","overlay-gradient":""},"mobile":{"background-color":"var(--ast-global-color-5)","background-image":"","background-repeat":"repeat","background-position":"center center","background-size":"auto","background-attachment":"scroll","background-type":"","background-media":"","overlay-type":"","overlay-color":"","overlay-opacity":"","overlay-gradient":""}},"footnotes":""},"class_list":["post-418","page","type-page","status-publish","hentry"],"uagb_featured_image_src":{"full":false,"thumbnail":false,"medium":false,"medium_large":false,"large":false,"1536x1536":false,"2048x2048":false},"uagb_author_info":{"display_name":"Jonas","author_link":"https:\/\/www.eg-suedharz.de\/ec\/author\/suedjonas\/"},"uagb_comment_info":0,"uagb_excerpt":"Im September 2021 haben wir die Schl\u00fcssel zu unserm neuen Zuhause bekommen. Seit dem hat sich einiges getan. Wir laden euch gerne zu Kaffee, Limo, hei\u00dfer Schokolade, selbstgemachten Geb\u00e4ck und wechselnden Events ein.","_links":{"self":[{"href":"https:\/\/www.eg-suedharz.de\/ec\/wp-json\/wp\/v2\/pages\/418","targetHints":{"allow":["GET"]}}],"collection":[{"href":"https:\/\/www.eg-suedharz.de\/ec\/wp-json\/wp\/v2\/pages"}],"about":[{"href":"https:\/\/www.eg-suedharz.de\/ec\/wp-json\/wp\/v2\/types\/page"}],"author":[{"embeddable":true,"href":"https:\/\/www.eg-suedharz.de\/ec\/wp-json\/wp\/v2\/users\/1"}],"replies":[{"embeddable":true,"href":"https:\/\/www.eg-suedharz.de\/ec\/wp-json\/wp\/v2\/comments?post=418"}],"version-history":[{"count":7,"href":"https:\/\/www.eg-suedharz.de\/ec\/wp-json\/wp\/v2\/pages\/418\/revisions"}],"predecessor-version":[{"id":1124,"href":"https:\/\/www.eg-suedharz.de\/ec\/wp-json\/wp\/v2\/pages\/418\/revisions\/1124"}],"wp:attachment":[{"href":"https:\/\/www.eg-suedharz.de\/ec\/wp-json\/wp\/v2\/media?parent=418"}],"curies":[{"name":"wp","href":"https:\/\/api.w.org\/{rel}","templated":true}]}}