{"id":357,"date":"2025-08-15T23:03:23","date_gmt":"2025-08-15T21:03:23","guid":{"rendered":"https:\/\/www.eg-suedharz.de\/ec\/about-us\/"},"modified":"2025-08-16T00:00:15","modified_gmt":"2025-08-15T22:00:15","slug":"about","status":"publish","type":"page","link":"https:\/\/www.eg-suedharz.de\/ec\/","title":{"rendered":"\u00dcber uns &#038; Kontakt"},"content":{"rendered":"\n<div class=\"wp-block-uagb-container uagb-block-1ecd7bfd alignfull uagb-is-root-container\"><div class=\"uagb-container-inner-blocks-wrap\">\n<div class=\"wp-block-uagb-info-box uagb-block-5900233c uagb-infobox__content-wrap  uagb-infobox-icon-above-title uagb-infobox-image-valign-top wp-block-uagb-info-box--has-margin\"><div class=\"uagb-infobox-margin-wrapper\"><div class=\"uagb-ifb-content\"><div class=\"uagb-ifb-title-wrap\"><h6 class=\"uagb-ifb-title-prefix\">WAS UNS ALS EC S\u00dcDHARZ AUSMACHT &#8211; BIST DU!<\/h6><h1 class=\"uagb-ifb-title\">\u00dcber uns<\/h1><\/div><\/div><\/div><\/div>\n<\/div><\/div>\n\n\n\n<div class=\"wp-block-uagb-container uagb-block-4e217773 alignfull uagb-is-root-container\"><div class=\"uagb-container-inner-blocks-wrap\">\n<div class=\"wp-block-uagb-info-box uagb-block-bdba4137 uagb-infobox__content-wrap  uagb-infobox-icon-above-title uagb-infobox-image-valign-top wp-block-uagb-info-box--has-margin\"><div class=\"uagb-infobox-margin-wrapper\"><div class=\"uagb-ifb-content\"><div class=\"uagb-ifb-title-wrap\"><h6 class=\"uagb-ifb-title-prefix\">Allein muss bei uns keiner sein.<\/h6><h2 class=\"uagb-ifb-title\">Unser Herz schl\u00e4gt f\u00fcr die Jugend.<\/h2><\/div><div class=\"uagb-ifb-separator\"><\/div><\/div><\/div><\/div>\n\n\n\n<div class=\"wp-block-uagb-container uagb-layout-grid uagb-block-7d86961f\">\n<div class=\"wp-block-uagb-info-box uagb-block-f0fab6c6 uagb-infobox__content-wrap  uagb-infobox-icon-above-title uagb-infobox-image-valign-top\"><div class=\"uagb-ifb-content\"><div class=\"uagb-ifb-title-wrap\"><span class=\"uagb-ifb-title-prefix\">Der EC S\u00fcdharz ist ein Projekt f\u00fcr Jugendarbeit in 4D vom&nbsp;<a href=\"https:\/\/www.ec.de\/\">Deutschen EC-Verband<\/a>, dem&nbsp;<a href=\"https:\/\/www.ec-niedersachsen.de\/\">EC Niedersachsen<\/a>, dem&nbsp;<a href=\"https:\/\/www.ohofer-verband.de\/\">Ohofer Gemeinschaftsverband e.V.<\/a>&nbsp;und der&nbsp;<a href=\"https:\/\/www.evangelische-gemeinschaft-sh.de\/\">Evangelischen Gemeinschaft S\u00fcdharz e.V.<\/a>&nbsp;zusammen mit der&nbsp;<a href=\"https:\/\/kg-andreas-badlauterberg.wir-e.de\/\" data-type=\"link\" data-id=\"https:\/\/kg-andreas-badlauterberg.wir-e.de\/\">Ev.-luth. Kirchengemeinde St. Andreas<\/a>&nbsp;in Bad Lauterberg.<\/span><\/div><p class=\"uagb-ifb-desc\">Gef\u00f6rdert wird das Projekt durch den&nbsp;<a href=\"https:\/\/www.fonds-missionarische-chancen.de\/\">Fonds Missionarische Chancen der Evangelisch-lutherischen Landeskirche Hannovers<\/a>.<\/p><\/div><\/div>\n\n\n\n<div class=\"wp-block-uagb-info-box uagb-block-f7f8204d uagb-infobox__content-wrap  uagb-infobox-icon-above-title uagb-infobox-image-valign-top\"><div class=\"uagb-ifb-content\"><div class=\"uagb-ifb-title-wrap\"><span class=\"uagb-ifb-title-prefix\">Im September 2021 haben wir die Schl\u00fcssel zu unserm neuen Zuhause bekommen. Seit dem hat sich einiges getan.<\/span><p class=\"uagb-ifb-title\">Es wurde flei\u00dfig renoviert: Boden verlegt, gestrichen, M\u00f6bel verr\u00fcckt und durch Neue ersetzt, der Thekenbereich wurde umgebaut und so vieles mehr. <\/p><\/div><p class=\"uagb-ifb-desc\">Komm am besten selbst vorbei und sieh dir das Ergebnis an.<br>Seit dem 01.12.2022 hat die T\u00fcr unseres Zuhauses f\u00fcr jeden ge\u00f6ffnet.<\/p><\/div><\/div>\n<\/div>\n\n\n\n<div style=\"height:60px\" aria-hidden=\"true\" class=\"wp-block-spacer\"><\/div>\n\n\n\n<div class=\"wp-block-uagb-container uagb-block-51f59cf8\">\n<div class=\"wp-block-uagb-container uagb-block-04706397\">\n<div class=\"wp-block-uagb-advanced-heading uagb-block-608c876c\"><h4 class=\"uagb-heading-text\">Du hast Bock deine Zeit und dein Herz f\u00fcr Jugendliche zu geben oder willst aktiv Projekte im S\u00fcdharz gestalten?<\/h4><\/div>\n<\/div>\n\n\n\n<div class=\"wp-block-uagb-container uagb-block-13227888\">\n<div class=\"wp-block-uagb-advanced-heading uagb-block-3cc3d573\"><h4 class=\"uagb-heading-text\">Dann melde dich!<\/h4><\/div>\n\n\n\n<div class=\"wp-block-uagb-icon-list uagb-block-d656ea57\"><div class=\"uagb-icon-list__wrap\">\n<div class=\"wp-block-uagb-icon-list-child uagb-block-d18e9764\"><span class=\"uagb-icon-list__source-wrap\"><svg xmlns=\"https:\/\/www.w3.org\/2000\/svg\" viewBox=\"0 0 512 512\"><path d=\"M511.2 387l-23.25 100.8c-3.266 14.25-15.79 24.22-30.46 24.22C205.2 512 0 306.8 0 54.5c0-14.66 9.969-27.2 24.22-30.45l100.8-23.25C139.7-2.602 154.7 5.018 160.8 18.92l46.52 108.5c5.438 12.78 1.77 27.67-8.98 36.45L144.5 207.1c33.98 69.22 90.26 125.5 159.5 159.5l44.08-53.8c8.688-10.78 23.69-14.51 36.47-8.975l108.5 46.51C506.1 357.2 514.6 372.4 511.2 387z\"><\/path><\/svg><\/span><span class=\"uagb-icon-list__label\">0163 8034262<\/span><\/div>\n\n\n\n<div class=\"wp-block-uagb-icon-list-child uagb-block-7cfe775d\"><span class=\"uagb-icon-list__source-wrap\"><svg xmlns=\"https:\/\/www.w3.org\/2000\/svg\" viewBox=\"0 0 512 512\"><path d=\"M464 64C490.5 64 512 85.49 512 112C512 127.1 504.9 141.3 492.8 150.4L275.2 313.6C263.8 322.1 248.2 322.1 236.8 313.6L19.2 150.4C7.113 141.3 0 127.1 0 112C0 85.49 21.49 64 48 64H464zM217.6 339.2C240.4 356.3 271.6 356.3 294.4 339.2L512 176V384C512 419.3 483.3 448 448 448H64C28.65 448 0 419.3 0 384V176L217.6 339.2z\"><\/path><\/svg><\/span><span class=\"uagb-icon-list__label\">focus@ec-suedharz.de<\/span><\/div>\n<\/div><\/div>\n<\/div>\n<\/div>\n<\/div><\/div>\n\n\n\n<div id=\"spenden\" class=\"wp-block-uagb-container uag-blocks-common-selector uagb-block-2c5f9319 alignfull uagb-is-root-container\"><div class=\"uagb-container-inner-blocks-wrap\">\n<div class=\"wp-block-uagb-container uagb-block-9699b568\">\n<div class=\"wp-block-uagb-advanced-heading uagb-block-d17b5522\"><h3 class=\"uagb-heading-text\">Du m\u00f6chtest uns unterst\u00fctzen?<\/h3><div class=\"uagb-separator\"><\/div><p class=\"uagb-desc-text\">Das finden wir super! Da wir haupts\u00e4chlich ehrenamtlich und spendenbasiert arbeiten, sind wir f\u00fcr jede Unterst\u00fctzung dankbar!<\/p><\/div>\n\n\n\n<p>Wenn Du uns finanziell unterst\u00fctzen m\u00f6chtest, dann kannst Du deine Spende auf folgendes Konto \u00fcberweisen oder direkt per Paypal spenden:<\/p>\n\n\n\n<div class=\"wp-block-uagb-icon-list uagb-block-853ba10d\"><div class=\"uagb-icon-list__wrap\">\n<div class=\"wp-block-uagb-icon-list-child uagb-block-5ecbcf03\"><span class=\"uagb-icon-list__source-wrap\"><svg xmlns=\"https:\/\/www.w3.org\/2000\/svg\" viewBox=\"0 0 320 512\"><path d=\"M96 480c-8.188 0-16.38-3.125-22.62-9.375c-12.5-12.5-12.5-32.75 0-45.25L242.8 256L73.38 86.63c-12.5-12.5-12.5-32.75 0-45.25s32.75-12.5 45.25 0l192 192c12.5 12.5 12.5 32.75 0 45.25l-192 192C112.4 476.9 104.2 480 96 480z\"><\/path><\/svg><\/span><span class=\"uagb-icon-list__label\"><strong>Evangelische Gemeinschaft S\u00fcdharz e.V.<\/strong><br>IBAN: DE55 263510150001218320<br>BIC: NOLADE21HZB<\/span><\/div>\n\n\n\n<div class=\"wp-block-uagb-icon-list-child uagb-block-aac62c81\"><a target=\"_blank\" aria-label=\"PayPal (EC Niedersachsen)\" rel=\"noopener noreferrer\" href=\"https:\/\/www.paypal.com\/donate?token=A6dUwaBhjPU6dGN7O0go1KcWSKmzyVke_LU1AX1nUG7lne_LHn4rWeL78fl45VK26jx1XH6Ja642Ssue&amp;locale.x=de_DE\"> <\/a><span class=\"uagb-icon-list__source-wrap\"><svg xmlns=\"https:\/\/www.w3.org\/2000\/svg\" viewBox=\"0 0 320 512\"><path d=\"M96 480c-8.188 0-16.38-3.125-22.62-9.375c-12.5-12.5-12.5-32.75 0-45.25L242.8 256L73.38 86.63c-12.5-12.5-12.5-32.75 0-45.25s32.75-12.5 45.25 0l192 192c12.5 12.5 12.5 32.75 0 45.25l-192 192C112.4 476.9 104.2 480 96 480z\"><\/path><\/svg><\/span><span class=\"uagb-icon-list__label\"><strong>PayPal<\/strong> (EC Niedersachsen)<\/span><\/div>\n\n\n\n<div class=\"wp-block-uagb-icon-list-child uagb-block-cf73fb34\"><a target=\"_blank\" aria-label=\"PayPal (Focus Caf\u00e9 - Ohofer Gemeinschaftsverband)\" rel=\"noopener noreferrer\" href=\"https:\/\/www.paypal.com\/donate?campaign_id=W4X585EAMT3UC\"> <\/a><span class=\"uagb-icon-list__source-wrap\"><svg xmlns=\"https:\/\/www.w3.org\/2000\/svg\" viewBox=\"0 0 320 512\"><path d=\"M96 480c-8.188 0-16.38-3.125-22.62-9.375c-12.5-12.5-12.5-32.75 0-45.25L242.8 256L73.38 86.63c-12.5-12.5-12.5-32.75 0-45.25s32.75-12.5 45.25 0l192 192c12.5 12.5 12.5 32.75 0 45.25l-192 192C112.4 476.9 104.2 480 96 480z\"><\/path><\/svg><\/span><span class=\"uagb-icon-list__label\"><strong>PayPal <\/strong>(Focus Caf\u00e9 &#8211; Ohofer Gemeinschaftsverband)<\/span><\/div>\n<\/div><\/div>\n\n\n\n<p><strong>Wichtig: Als Verwendungszweck bzw. Notiz bitte \u201eEC S\u00fcdharz\u201c angeben, damit deine Spende auch zugeordnet werden kann.<\/strong><br><br>Wir stellen Dir als gemeinn\u00fctziger Verein selbstverst\u00e4ndlich auch gerne eine Zuwendungsbescheinigung aus. Trage daf\u00fcr deine Adresse ins Mitteilungsfeld ein bzw. schick sie uns per&nbsp;<a href=\"mailto:evgem.suedharz@gmail.com\" data-type=\"mailto\" data-id=\"mailto:evgem.suedharz@gmail.com\">Email<\/a>&nbsp;zu oder sprich uns einfach an.<\/p>\n<\/div>\n<\/div><\/div>\n\n\n\n<div class=\"wp-block-uagb-container uagb-block-a50848ea alignfull uagb-is-root-container\"><div class=\"uagb-container-inner-blocks-wrap\">\n<div class=\"wp-block-uagb-advanced-heading uagb-block-343a47f8\"><h6 class=\"uagb-heading-text\">UNSERE UNTERST\u00dcTZER<\/h6><\/div>\n\n\n\t\t\t\t\t<div\n\t\t\t\t\t\tclass=\"wp-block-uagb-image-gallery uagb-block-da298907     \"\n\t\t\t\t\t\tstyle=\"\"\n\t\t\t\t\t>\n\t\t\t\t\t\t\t\t\t\t\t<div class=\"spectra-image-gallery spectra-image-gallery__layout--carousel\">\n\t\t\t\t\t\t\t\t<div class=\"uagb-slick-carousel uagb-block-da298907\">\n\t\t\t\t\t\t\t\t\t\t\t\t<div class='spectra-image-gallery__media-wrapper' data-spectra-gallery-image-id='1088'>\n\t\t\t\t\t\t\t<div class=\"spectra-image-gallery__media spectra-image-gallery__media--carousel\">\n\t\t\t\t<picture>\n\t\t\t\t\t<source media=\"(min-width: 1024px)\" srcset=\"https:\/\/www.eg-suedharz.de\/ec\/wp-content\/uploads\/sites\/5\/2025\/08\/cropped-ec-logo-wide-left-black.png\">\n\t\t\t\t\t<source media=\"(min-width: 768px)\" srcset=\"https:\/\/www.eg-suedharz.de\/ec\/wp-content\/uploads\/sites\/5\/2025\/08\/cropped-ec-logo-wide-left-black-1024x204.png\">\n\t\t\t\t\t<img decoding=\"async\" class=\"spectra-image-gallery__media-thumbnail spectra-image-gallery__media-thumbnail--carousel\" src=\"https:\/\/www.eg-suedharz.de\/ec\/wp-content\/uploads\/sites\/5\/2025\/08\/cropped-ec-logo-wide-left-black-300x60.png\" alt=\"\" loading=\"lazy\" \/>\n\t\t\t\t<\/picture>\n\t\t\t\t<div class=\"spectra-image-gallery__media-thumbnail-blurrer\"><\/div>\n\t\t\t\t\t\t\t\t\t\t\t<div class=\"spectra-image-gallery__media-thumbnail-caption-wrapper spectra-image-gallery__media-thumbnail-caption-wrapper--overlay\"><\/div>\n\t\t\t\t\t\t\t\t<\/div>\n\t\t\t\t\t\t<\/div>\n\t\t\t\t\t\t<div class='spectra-image-gallery__media-wrapper' data-spectra-gallery-image-id='1091'>\n\t\t\t\t\t\t\t<div class=\"spectra-image-gallery__media spectra-image-gallery__media--carousel\">\n\t\t\t\t<picture>\n\t\t\t\t\t<source media=\"(min-width: 1024px)\" srcset=\"https:\/\/www.eg-suedharz.de\/ec\/wp-content\/uploads\/sites\/5\/2025\/08\/kgandreas.png\">\n\t\t\t\t\t<source media=\"(min-width: 768px)\" srcset=\"https:\/\/www.eg-suedharz.de\/ec\/wp-content\/uploads\/sites\/5\/2025\/08\/kgandreas.png\">\n\t\t\t\t\t<img decoding=\"async\" class=\"spectra-image-gallery__media-thumbnail spectra-image-gallery__media-thumbnail--carousel\" src=\"https:\/\/www.eg-suedharz.de\/ec\/wp-content\/uploads\/sites\/5\/2025\/08\/kgandreas-300x58.png\" alt=\"\" loading=\"lazy\" \/>\n\t\t\t\t<\/picture>\n\t\t\t\t<div class=\"spectra-image-gallery__media-thumbnail-blurrer\"><\/div>\n\t\t\t\t\t\t\t\t\t\t\t<div class=\"spectra-image-gallery__media-thumbnail-caption-wrapper spectra-image-gallery__media-thumbnail-caption-wrapper--overlay\"><\/div>\n\t\t\t\t\t\t\t\t<\/div>\n\t\t\t\t\t\t<\/div>\n\t\t\t\t\t\t<div class='spectra-image-gallery__media-wrapper' data-spectra-gallery-image-id='1092'>\n\t\t\t\t\t\t\t<div class=\"spectra-image-gallery__media spectra-image-gallery__media--carousel\">\n\t\t\t\t<picture>\n\t\t\t\t\t<source media=\"(min-width: 1024px)\" srcset=\"https:\/\/www.eg-suedharz.de\/ec\/wp-content\/uploads\/sites\/5\/2025\/08\/ogv.png\">\n\t\t\t\t\t<source media=\"(min-width: 768px)\" srcset=\"https:\/\/www.eg-suedharz.de\/ec\/wp-content\/uploads\/sites\/5\/2025\/08\/ogv.png\">\n\t\t\t\t\t<img decoding=\"async\" class=\"spectra-image-gallery__media-thumbnail spectra-image-gallery__media-thumbnail--carousel\" src=\"https:\/\/www.eg-suedharz.de\/ec\/wp-content\/uploads\/sites\/5\/2025\/08\/ogv-300x53.png\" alt=\"\" loading=\"lazy\" \/>\n\t\t\t\t<\/picture>\n\t\t\t\t<div class=\"spectra-image-gallery__media-thumbnail-blurrer\"><\/div>\n\t\t\t\t\t\t\t\t\t\t\t<div class=\"spectra-image-gallery__media-thumbnail-caption-wrapper spectra-image-gallery__media-thumbnail-caption-wrapper--overlay\"><\/div>\n\t\t\t\t\t\t\t\t<\/div>\n\t\t\t\t\t\t<\/div>\n\t\t\t\t\t\t<div class='spectra-image-gallery__media-wrapper' data-spectra-gallery-image-id='1089'>\n\t\t\t\t\t\t\t<div class=\"spectra-image-gallery__media spectra-image-gallery__media--carousel\">\n\t\t\t\t<picture>\n\t\t\t\t\t<source media=\"(min-width: 1024px)\" srcset=\"https:\/\/www.eg-suedharz.de\/ec\/wp-content\/uploads\/sites\/5\/2025\/08\/cropped-ec-logo-wide-left-green_600x122.png.pagespeed.ce_.xy1EUwQLFC.png\">\n\t\t\t\t\t<source media=\"(min-width: 768px)\" srcset=\"https:\/\/www.eg-suedharz.de\/ec\/wp-content\/uploads\/sites\/5\/2025\/08\/cropped-ec-logo-wide-left-green_600x122.png.pagespeed.ce_.xy1EUwQLFC.png\">\n\t\t\t\t\t<img decoding=\"async\" class=\"spectra-image-gallery__media-thumbnail spectra-image-gallery__media-thumbnail--carousel\" src=\"https:\/\/www.eg-suedharz.de\/ec\/wp-content\/uploads\/sites\/5\/2025\/08\/cropped-ec-logo-wide-left-green_600x122.png.pagespeed.ce_.xy1EUwQLFC-300x61.png\" alt=\"\" loading=\"lazy\" \/>\n\t\t\t\t<\/picture>\n\t\t\t\t<div class=\"spectra-image-gallery__media-thumbnail-blurrer\"><\/div>\n\t\t\t\t\t\t\t\t\t\t\t<div class=\"spectra-image-gallery__media-thumbnail-caption-wrapper spectra-image-gallery__media-thumbnail-caption-wrapper--overlay\"><\/div>\n\t\t\t\t\t\t\t\t<\/div>\n\t\t\t\t\t\t<\/div>\n\t\t\t\t\t\t<div class='spectra-image-gallery__media-wrapper' data-spectra-gallery-image-id='1090'>\n\t\t\t\t\t\t\t<div class=\"spectra-image-gallery__media spectra-image-gallery__media--carousel\">\n\t\t\t\t<picture>\n\t\t\t\t\t<source media=\"(min-width: 1024px)\" srcset=\"https:\/\/www.eg-suedharz.de\/ec\/wp-content\/uploads\/sites\/5\/2025\/08\/fonds_logo_2.png\">\n\t\t\t\t\t<source media=\"(min-width: 768px)\" srcset=\"https:\/\/www.eg-suedharz.de\/ec\/wp-content\/uploads\/sites\/5\/2025\/08\/fonds_logo_2-1024x223.png\">\n\t\t\t\t\t<img decoding=\"async\" class=\"spectra-image-gallery__media-thumbnail spectra-image-gallery__media-thumbnail--carousel\" src=\"https:\/\/www.eg-suedharz.de\/ec\/wp-content\/uploads\/sites\/5\/2025\/08\/fonds_logo_2-300x65.png\" alt=\"\" loading=\"lazy\" \/>\n\t\t\t\t<\/picture>\n\t\t\t\t<div class=\"spectra-image-gallery__media-thumbnail-blurrer\"><\/div>\n\t\t\t\t\t\t\t\t\t\t\t<div class=\"spectra-image-gallery__media-thumbnail-caption-wrapper spectra-image-gallery__media-thumbnail-caption-wrapper--overlay\"><\/div>\n\t\t\t\t\t\t\t\t<\/div>\n\t\t\t\t\t\t<\/div>\n\t\t\t\t\t\t\t\t\t\t\t<\/div>\n\t\t\t\t\t\t\t<\/div>\n\t\t\t\t\t\t\t\t\t\t\t<\/div>\n\t\t\t\t\t\t\t\t\t<\/div><\/div>\n","protected":false},"excerpt":{"rendered":"<p>Du hast Bock deine Zeit und dein Herz f\u00fcr Jugendliche zu geben oder willst aktiv Projekte im S\u00fcdharz gestalten? Dann melde dich! Du m\u00f6chtest uns unterst\u00fctzen? Das finden wir super! Da wir haupts\u00e4chlich ehrenamtlich und spendenbasiert arbeiten, sind wir f\u00fcr jede Unterst\u00fctzung dankbar! Wenn Du uns finanziell unterst\u00fctzen m\u00f6chtest, dann kannst Du deine Spende auf [&hellip;]<\/p>\n","protected":false},"author":1,"featured_media":0,"parent":0,"menu_order":0,"comment_status":"closed","ping_status":"closed","template":"","meta":{"_uag_custom_page_level_css":"","site-sidebar-layout":"default","site-content-layout":"plain-container","ast-site-content-layout":"normal-width-container","site-content-style":"unboxed","site-sidebar-style":"unboxed","ast-global-header-display":"","ast-banner-title-visibility":"","ast-main-header-display":"","ast-hfb-above-header-display":"","ast-hfb-below-header-display":"","ast-hfb-mobile-header-display":"","site-post-title":"disabled","ast-breadcrumbs-content":"","ast-featured-img":"","footer-sml-layout":"","ast-disable-related-posts":"","theme-transparent-header-meta":"enabled","adv-header-id-meta":"","stick-header-meta":"","header-above-stick-meta":"","header-main-stick-meta":"","header-below-stick-meta":"","astra-migrate-meta-layouts":"set","ast-page-background-enabled":"default","ast-page-background-meta":{"desktop":{"background-color":"","background-image":"","background-repeat":"repeat","background-position":"center center","background-size":"auto","background-attachment":"scroll","background-type":"","background-media":"","overlay-type":"","overlay-color":"","overlay-opacity":"","overlay-gradient":""},"tablet":{"background-color":"","background-image":"","background-repeat":"repeat","background-position":"center center","background-size":"auto","background-attachment":"scroll","background-type":"","background-media":"","overlay-type":"","overlay-color":"","overlay-opacity":"","overlay-gradient":""},"mobile":{"background-color":"","background-image":"","background-repeat":"repeat","background-position":"center center","background-size":"auto","background-attachment":"scroll","background-type":"","background-media":"","overlay-type":"","overlay-color":"","overlay-opacity":"","overlay-gradient":""}},"ast-content-background-meta":{"desktop":{"background-color":"var(--ast-global-color-5)","background-image":"","background-repeat":"repeat","background-position":"center center","background-size":"auto","background-attachment":"scroll","background-type":"","background-media":"","overlay-type":"","overlay-color":"","overlay-opacity":"","overlay-gradient":""},"tablet":{"background-color":"var(--ast-global-color-5)","background-image":"","background-repeat":"repeat","background-position":"center center","background-size":"auto","background-attachment":"scroll","background-type":"","background-media":"","overlay-type":"","overlay-color":"","overlay-opacity":"","overlay-gradient":""},"mobile":{"background-color":"var(--ast-global-color-5)","background-image":"","background-repeat":"repeat","background-position":"center center","background-size":"auto","background-attachment":"scroll","background-type":"","background-media":"","overlay-type":"","overlay-color":"","overlay-opacity":"","overlay-gradient":""}},"footnotes":""},"class_list":["post-357","page","type-page","status-publish","hentry"],"uagb_featured_image_src":{"full":false,"thumbnail":false,"medium":false,"medium_large":false,"large":false,"1536x1536":false,"2048x2048":false},"uagb_author_info":{"display_name":"Jonas","author_link":"https:\/\/www.eg-suedharz.de\/ec\/author\/suedjonas\/"},"uagb_comment_info":0,"uagb_excerpt":"Du hast Bock deine Zeit und dein Herz f\u00fcr Jugendliche zu geben oder willst aktiv Projekte im S\u00fcdharz gestalten? Dann melde dich! Du m\u00f6chtest uns unterst\u00fctzen? Das finden wir super! Da wir haupts\u00e4chlich ehrenamtlich und spendenbasiert arbeiten, sind wir f\u00fcr jede Unterst\u00fctzung dankbar! Wenn Du uns finanziell unterst\u00fctzen m\u00f6chtest, dann kannst Du deine Spende auf&hellip;","_links":{"self":[{"href":"https:\/\/www.eg-suedharz.de\/ec\/wp-json\/wp\/v2\/pages\/357","targetHints":{"allow":["GET"]}}],"collection":[{"href":"https:\/\/www.eg-suedharz.de\/ec\/wp-json\/wp\/v2\/pages"}],"about":[{"href":"https:\/\/www.eg-suedharz.de\/ec\/wp-json\/wp\/v2\/types\/page"}],"author":[{"embeddable":true,"href":"https:\/\/www.eg-suedharz.de\/ec\/wp-json\/wp\/v2\/users\/1"}],"replies":[{"embeddable":true,"href":"https:\/\/www.eg-suedharz.de\/ec\/wp-json\/wp\/v2\/comments?post=357"}],"version-history":[{"count":11,"href":"https:\/\/www.eg-suedharz.de\/ec\/wp-json\/wp\/v2\/pages\/357\/revisions"}],"predecessor-version":[{"id":1107,"href":"https:\/\/www.eg-suedharz.de\/ec\/wp-json\/wp\/v2\/pages\/357\/revisions\/1107"}],"wp:attachment":[{"href":"https:\/\/www.eg-suedharz.de\/ec\/wp-json\/wp\/v2\/media?parent=357"}],"curies":[{"name":"wp","href":"https:\/\/api.w.org\/{rel}","templated":true}]}}