{"id":516,"date":"2025-04-05T18:12:30","date_gmt":"2025-04-05T16:12:30","guid":{"rendered":"https:\/\/www.eg-suedharz.de\/cafe\/about\/"},"modified":"2025-08-30T19:27:56","modified_gmt":"2025-08-30T17:27:56","slug":"about","status":"publish","type":"page","link":"https:\/\/www.eg-suedharz.de\/cafe\/about\/","title":{"rendered":"\u00dcber uns"},"content":{"rendered":"\n<div class=\"wp-block-uagb-container uagb-block-d31c6877 alignfull uagb-is-root-container\"><div class=\"uagb-container-inner-blocks-wrap\">\n<div class=\"wp-block-uagb-advanced-heading uagb-block-a1aeb7d8\"><h1 class=\"uagb-heading-text\">\u00dcber uns<\/h1><\/div>\n<\/div><\/div>\n\n\n\n<div class=\"wp-block-uagb-container uagb-layout-grid uagb-block-53658cff alignfull uagb-is-root-container\"><div class=\"uagb-container-inner-blocks-wrap\">\n<section class=\"wp-block-uagb-info-box uagb-block-d4fee660 uagb-infobox__content-wrap  uagb-infobox-icon-below-title uagb-infobox-image-valign-top\"><div class=\"uagb-ifb-content\"><div class=\"uagb-ifb-title-wrap\"><h3 class=\"uagb-ifb-title\">Worum geht es beim Focus Caf\u00e9?<\/h3><\/div><div class=\"uagb-ifb-image-content\"><img decoding=\"async\" src=\"https:\/\/www.eg-suedharz.de\/cafe\/wp-content\/uploads\/sites\/4\/2025\/04\/bg-02.png\" alt=\"\" width=\"284\" height=\"257\" loading=\"lazy\"\/><\/div><\/div><\/section>\n\n\n\n<div class=\"wp-block-uagb-advanced-heading uagb-block-f31f38cb\"><h3 class=\"uagb-heading-text\">Das Focus Caf\u00e9 ist ein <strong>Begegnungsort<\/strong> in <strong>Bad Lauterberg im Harz<\/strong>, der seit dem 1. Dezember 2022 ge\u00f6ffnet ist.<\/h3><p class=\"uagb-desc-text\">Es wird von begeisterten <strong>ehrenamtlichen Mitarbeitern<\/strong> der Evangelischen Gemeinschaft S\u00fcdharz e.V. und des EC S\u00fcdharz getragen und versteht sich als ein Ort, an dem Menschen <strong>einander und Gott begegnen<\/strong> k\u00f6nnen.<br><br>Es ist <strong>offen f\u00fcr jeden<\/strong> und bietet neben <strong>Kaffeespezialit\u00e4ten, hei\u00dfer Schokolade und Tees<\/strong> auch <strong>Kaltgetr\u00e4nke, hausgemachte Kuchenklassiker<\/strong> wie Zimtschnecken, K\u00e4sekuchen und Sandwiches an.<br><br>Das Caf\u00e9 dient auch als <strong>Treffpunkt f\u00fcr die Jugendgruppe des EC S\u00fcdharz<\/strong> (Focus Youth, mittwochs) und f\u00fcr junge Erwachsene (Focus Edge). Es wird als <strong>Erweiterung und Bereicherung<\/strong> der bestehenden Angebote in Bad Lauterberg gesehen, nicht als Konkurrenz zu anderen Caf\u00e9s.<br><br>Das Focus Caf\u00e9 ist <strong>spendenbasiert<\/strong> und wurde in Eigenarbeit von Mitgliedern aufgebaut. Es bietet auch <strong>Arbeitspl\u00e4tze<\/strong> f\u00fcr Sch\u00fcler und m\u00f6chte sich als <strong>Veranstaltungsort<\/strong> weiter etablieren.<\/p><\/div>\n<\/div><\/div>\n\n\n\n<div class=\"wp-block-uagb-container uagb-layout-grid uagb-block-951de3ca alignfull uagb-is-root-container\"><div class=\"uagb-container-inner-blocks-wrap\">\n<div class=\"wp-block-uagb-separator uagb-block-c3d2444d\"><div class=\"uagb-separator-spacing-wrapper\"><div class=\"wp-block-uagb-separator__inner\" style=\"--my-background-image:url(&quot;data:image\/svg+xml,%3Csvg width='16' height='16' viewBox='0 0 16 16' fill='none' xmlns='http:\/\/www.w3.org\/2000\/svg'%3E%3Cpath d='M6.4 0H16L9.6 16H0L6.4 0Z' fill='black'\/%3E%3C\/svg%3E&quot;)\"><\/div><\/div><\/div>\n<\/div><\/div>\n\n\n\n<div class=\"wp-block-uagb-container uagb-layout-grid uagb-block-24154869 alignfull uagb-is-root-container\"><div class=\"uagb-container-inner-blocks-wrap\">\n<div class=\"wp-block-uagb-info-box uagb-block-026600da uagb-infobox__content-wrap  uagb-infobox-icon-below-title uagb-infobox-image-valign-top\"><div class=\"uagb-ifb-content\"><div class=\"uagb-ifb-title-wrap\"><h3 class=\"uagb-ifb-title\">Wir sind mehr als nur ein Caf\u00e9 mit Kuchen! <\/h3><\/div><div class=\"uagb-ifb-image-content\"><img decoding=\"async\" src=\"https:\/\/www.eg-suedharz.de\/cafe\/wp-content\/uploads\/sites\/4\/2025\/04\/8de789ab-cbc4-41a3-96f0-41614741ddd9.jpg\" alt=\"\" width=\"284\" height=\"469\" loading=\"lazy\"\/><\/div><\/div><\/div>\n\n\n\n<div class=\"wp-block-uagb-advanced-heading uagb-block-de060103\"><h3 class=\"uagb-heading-text\">Wir sind begeistert \u00fcber die Menschen, die uns bis jetzt schon besucht haben. Wir sind dankbar f\u00fcr so viele gute Gespr\u00e4che, tolles Feedback und gute Stimmung.<\/h3><p class=\"uagb-desc-text\">Das Focus Caf\u00e9 ist ein <strong>herzlicher Treffpunkt<\/strong> f\u00fcr alle Generationen. Wir m\u00f6chten einen Ort schaffen, an dem man in entspannter Atmosph\u00e4re <strong>gute Gespr\u00e4che f\u00fchren, neue Kontakte kn\u00fcpfen und Gemeinschaft erleben<\/strong> kann.<br><br>Als Teil der Evangelischen Gemeinschaft S\u00fcdharz ist es uns auch ein Anliegen, einen Raum f\u00fcr <strong>Begegnung mit dem christlichen Glauben<\/strong> zu bieten. Unser ehrenamtliches Team freut sich darauf, Dich mit leckeren, handgemachten K\u00f6stlichkeiten zu verw\u00f6hnen und Dir eine gute Zeit zu bereiten. Komm vorbei und werde Teil unserer Focus Caf\u00e9 Familie!<\/p><\/div>\n<\/div><\/div>\n","protected":false},"excerpt":{"rendered":"<p>\u00dcber uns Das Focus Caf\u00e9 ist ein Begegnungsort in Bad Lauterberg im Harz, der seit dem 1. Dezember 2022 ge\u00f6ffnet ist. Es wird von begeisterten ehrenamtlichen Mitarbeitern der Evangelischen Gemeinschaft S\u00fcdharz e.V. und des EC S\u00fcdharz getragen und versteht sich als ein Ort, an dem Menschen einander und Gott begegnen k\u00f6nnen. Es ist offen f\u00fcr [&hellip;]<\/p>\n","protected":false},"author":1,"featured_media":0,"parent":0,"menu_order":0,"comment_status":"closed","ping_status":"closed","template":"","meta":{"_uag_custom_page_level_css":"","site-sidebar-layout":"no-sidebar","site-content-layout":"plain-container","ast-site-content-layout":"normal-width-container","site-content-style":"unboxed","site-sidebar-style":"unboxed","ast-global-header-display":"","ast-banner-title-visibility":"","ast-main-header-display":"","ast-hfb-above-header-display":"","ast-hfb-below-header-display":"","ast-hfb-mobile-header-display":"","site-post-title":"disabled","ast-breadcrumbs-content":"","ast-featured-img":"disabled","footer-sml-layout":"","ast-disable-related-posts":"","theme-transparent-header-meta":"enabled","adv-header-id-meta":"","stick-header-meta":"","header-above-stick-meta":"","header-main-stick-meta":"","header-below-stick-meta":"","astra-migrate-meta-layouts":"set","ast-page-background-enabled":"default","ast-page-background-meta":{"desktop":{"background-color":"","background-image":"","background-repeat":"repeat","background-position":"center center","background-size":"auto","background-attachment":"scroll","background-type":"","background-media":"","overlay-type":"","overlay-color":"","overlay-opacity":"","overlay-gradient":""},"tablet":{"background-color":"","background-image":"","background-repeat":"repeat","background-position":"center center","background-size":"auto","background-attachment":"scroll","background-type":"","background-media":"","overlay-type":"","overlay-color":"","overlay-opacity":"","overlay-gradient":""},"mobile":{"background-color":"","background-image":"","background-repeat":"repeat","background-position":"center center","background-size":"auto","background-attachment":"scroll","background-type":"","background-media":"","overlay-type":"","overlay-color":"","overlay-opacity":"","overlay-gradient":""}},"ast-content-background-meta":{"desktop":{"background-color":"var(--ast-global-color-5)","background-image":"","background-repeat":"repeat","background-position":"center center","background-size":"auto","background-attachment":"scroll","background-type":"","background-media":"","overlay-type":"","overlay-color":"","overlay-opacity":"","overlay-gradient":""},"tablet":{"background-color":"var(--ast-global-color-5)","background-image":"","background-repeat":"repeat","background-position":"center center","background-size":"auto","background-attachment":"scroll","background-type":"","background-media":"","overlay-type":"","overlay-color":"","overlay-opacity":"","overlay-gradient":""},"mobile":{"background-color":"var(--ast-global-color-5)","background-image":"","background-repeat":"repeat","background-position":"center center","background-size":"auto","background-attachment":"scroll","background-type":"","background-media":"","overlay-type":"","overlay-color":"","overlay-opacity":"","overlay-gradient":""}},"footnotes":""},"class_list":["post-516","page","type-page","status-publish","hentry"],"uagb_featured_image_src":{"full":false,"thumbnail":false,"medium":false,"medium_large":false,"large":false,"1536x1536":false,"2048x2048":false},"uagb_author_info":{"display_name":"Jonas","author_link":"https:\/\/www.eg-suedharz.de\/cafe\/author\/suedjonas\/"},"uagb_comment_info":0,"uagb_excerpt":"\u00dcber uns Das Focus Caf\u00e9 ist ein Begegnungsort in Bad Lauterberg im Harz, der seit dem 1. Dezember 2022 ge\u00f6ffnet ist. Es wird von begeisterten ehrenamtlichen Mitarbeitern der Evangelischen Gemeinschaft S\u00fcdharz e.V. und des EC S\u00fcdharz getragen und versteht sich als ein Ort, an dem Menschen einander und Gott begegnen k\u00f6nnen. Es ist offen f\u00fcr&hellip;","_links":{"self":[{"href":"https:\/\/www.eg-suedharz.de\/cafe\/wp-json\/wp\/v2\/pages\/516","targetHints":{"allow":["GET"]}}],"collection":[{"href":"https:\/\/www.eg-suedharz.de\/cafe\/wp-json\/wp\/v2\/pages"}],"about":[{"href":"https:\/\/www.eg-suedharz.de\/cafe\/wp-json\/wp\/v2\/types\/page"}],"author":[{"embeddable":true,"href":"https:\/\/www.eg-suedharz.de\/cafe\/wp-json\/wp\/v2\/users\/1"}],"replies":[{"embeddable":true,"href":"https:\/\/www.eg-suedharz.de\/cafe\/wp-json\/wp\/v2\/comments?post=516"}],"version-history":[{"count":10,"href":"https:\/\/www.eg-suedharz.de\/cafe\/wp-json\/wp\/v2\/pages\/516\/revisions"}],"predecessor-version":[{"id":2352,"href":"https:\/\/www.eg-suedharz.de\/cafe\/wp-json\/wp\/v2\/pages\/516\/revisions\/2352"}],"wp:attachment":[{"href":"https:\/\/www.eg-suedharz.de\/cafe\/wp-json\/wp\/v2\/media?parent=516"}],"curies":[{"name":"wp","href":"https:\/\/api.w.org\/{rel}","templated":true}]}}