{"id":514,"date":"2025-04-05T18:12:30","date_gmt":"2025-04-05T16:12:30","guid":{"rendered":"https:\/\/www.eg-suedharz.de\/cafe\/home\/"},"modified":"2025-08-30T19:02:33","modified_gmt":"2025-08-30T17:02:33","slug":"startseite","status":"publish","type":"page","link":"https:\/\/www.eg-suedharz.de\/cafe\/","title":{"rendered":"Hauptseite"},"content":{"rendered":"\n<div class=\"wp-block-uagb-container uagb-block-185b9e71 alignfull uagb-is-root-container\"><div class=\"uagb-container-inner-blocks-wrap\">\n<div class=\"wp-block-uagb-info-box uagb-block-0e9bd693 uagb-infobox__content-wrap  uagb-infobox-icon-above-title uagb-infobox-image-valign-top\"><div class=\"uagb-ifb-content\"><div class=\"uagb-ifb-title-wrap\"><h1 class=\"uagb-ifb-title\">Willkommen!\u200b<\/h1><\/div><p class=\"uagb-ifb-desc\">Seit dem 01.12.2022 hat das Focus Caf\u00e9 f\u00fcr Sie und Euch von Donnerstag bis Samstag ge\u00f6ffnet.<\/p><\/div><\/div>\n<\/div><\/div>\n\n\n\n<div class=\"wp-block-uagb-container uagb-block-80051f6b alignfull uagb-is-root-container\"><div class=\"uagb-container-inner-blocks-wrap\">\n<div class=\"wp-block-uagb-container uagb-block-94d7f53b\">\n<div class=\"wp-block-uagb-info-box uagb-block-fc4f5470 uagb-infobox__content-wrap  uagb-infobox-icon-above-title uagb-infobox-image-valign-top\"><div class=\"uagb-ifb-content\"><div class=\"uagb-ifb-title-wrap\"><h2 class=\"uagb-ifb-title\">\u00dcber uns<\/h2><\/div><p class=\"uagb-ifb-desc\">Das Focus Caf\u00e9 ist ein Begegnungsort, an dem Menschen einander und Gott begegnen k\u00f6nnen.<br>Begeisterte Menschen gestalten das, was du hier erlebst, ehrenamtlich. <strong>F\u00fcr dich und den S\u00fcdharz.<\/strong><br><br>Hier erleben schon jetzt junge Menschen ein Zuhause, in dem sie Verantwortung \u00fcbernehmen d\u00fcrfen und somit ganzheitlich \u00fcber sich hinaus wachsen.<br><br>Damit das Focus Caf\u00e9 unsere Region auch weiterhin bereichern kann, braucht es allerdings dich. Nur aufgrund des engagierten Einsatzes Einzelner und der finanziellen Unterst\u00fctzung Vieler ist all dies und noch so viel mehr m\u00f6glich.<br><br>Nun haben wir seit dem 01.12.2022 ge\u00f6ffnet und sind begeistert \u00fcber die Menschen, die uns bis jetzt schon besucht haben. Wir sind dankbar f\u00fcr so viele gute Gespr\u00e4che, tolles Feedback und die gute Stimmung.<br><br><strong>Wir freuen uns auch weiterhin auf ein entspanntes Kennenlernen bei handgemachten Leckereien und fantastischen Kaffeespezialit\u00e4ten. Komm doch mal vorbei!<\/strong><\/p><\/div><\/div>\n<\/div>\n\n\n\n<div class=\"wp-block-uagb-container uagb-block-f3265aac\">\n<div class=\"wp-block-uagb-image aligncenter uagb-block-36c2b00b wp-block-uagb-image--layout-default wp-block-uagb-image--effect-static wp-block-uagb-image--align-center uag-blocks-common-selector\" style=\"--z-index-desktop:1;;--z-index-tablet:undefined;;--z-index-mobile:undefined;\"><figure class=\"wp-block-uagb-image__figure\"><img decoding=\"async\" srcset=\"https:\/\/www.eg-suedharz.de\/cafe\/wp-content\/uploads\/sites\/4\/2025\/04\/onlycoffee.png ,https:\/\/www.eg-suedharz.de\/cafe\/wp-content\/uploads\/sites\/4\/2025\/04\/onlycoffee.png 780w, https:\/\/www.eg-suedharz.de\/cafe\/wp-content\/uploads\/sites\/4\/2025\/04\/onlycoffee.png 360w\" sizes=\"auto, (max-width: 480px) 150px\" src=\"https:\/\/www.eg-suedharz.de\/cafe\/wp-content\/uploads\/sites\/4\/2025\/04\/onlycoffee.png\" alt=\"\" class=\"uag-image-2023\" width=\"570\" height=\"636\" title=\"onlycoffee\" loading=\"lazy\" role=\"img\"\/><\/figure><\/div>\n<\/div>\n<\/div><\/div>\n\n\n\n<div class=\"wp-block-uagb-container uagb-block-7d68627e alignfull uagb-is-root-container\"><div class=\"uagb-container-inner-blocks-wrap\">\n<div class=\"wp-block-uagb-advanced-heading uagb-block-eb651d3c\"><h2 class=\"uagb-heading-text\">Was es bei uns gibt<\/h2><\/div>\n\n\n\n<div class=\"wp-block-uagb-container uagb-block-695f3e2d\">\n<div class=\"wp-block-uagb-container uagb-block-2b8a4449\">\n<figure class=\"wp-block-image aligncenter size-full\"><img loading=\"lazy\" decoding=\"async\" width=\"285\" height=\"200\" src=\"https:\/\/www.eg-suedharz.de\/cafe\/wp-content\/uploads\/sites\/4\/2021\/04\/product-04-free-img.png\" alt=\"\" class=\"wp-image-43\"\/><\/figure>\n\n\n\n<div class=\"wp-block-uagb-info-box uagb-block-d4fee660 uagb-infobox__content-wrap  uagb-infobox-icon-above-title uagb-infobox-image-valign-top\"><div class=\"uagb-ifb-content\"><div class=\"uagb-ifb-title-wrap\"><h3 class=\"uagb-ifb-title\">Kaffee-Spezialit\u00e4ten<\/h3><\/div><p class=\"uagb-ifb-desc\"><strong>Mehr als nur Kaffee.<\/strong> Genie\u00dfe die Aromen Vielfalt unserer erlesenen Kaffee-Spezialit\u00e4ten.<\/p><\/div><\/div>\n<\/div>\n\n\n\n<div class=\"wp-block-uagb-container uagb-block-3d35ccc9\">\n<figure class=\"wp-block-image aligncenter size-full is-resized\"><img loading=\"lazy\" decoding=\"async\" width=\"200\" height=\"200\" src=\"https:\/\/www.eg-suedharz.de\/cafe\/wp-content\/uploads\/sites\/4\/2025\/04\/Zimtschnecke_big.png\" alt=\"\" class=\"wp-image-2084\" style=\"width:180px\" srcset=\"https:\/\/www.eg-suedharz.de\/cafe\/wp-content\/uploads\/sites\/4\/2025\/04\/Zimtschnecke_big.png 200w, https:\/\/www.eg-suedharz.de\/cafe\/wp-content\/uploads\/sites\/4\/2025\/04\/Zimtschnecke_big-150x150.png 150w\" sizes=\"auto, (max-width: 200px) 100vw, 200px\" \/><\/figure>\n\n\n\n<div class=\"wp-block-uagb-info-box uagb-block-36123d74 uagb-infobox__content-wrap  uagb-infobox-icon-above-title uagb-infobox-image-valign-top\"><div class=\"uagb-ifb-content\"><div class=\"uagb-ifb-title-wrap\"><h3 class=\"uagb-ifb-title\">Wie von Oma<\/h3><\/div><p class=\"uagb-ifb-desc\">Unsere Kuchen und Snacks sind <strong>hausgemacht <\/strong>und verw\u00f6hnen mit traditionellem Geschmack.<\/p><\/div><\/div>\n<\/div>\n\n\n\n<div class=\"wp-block-uagb-container uagb-block-055c15fa\">\n<figure class=\"wp-block-image aligncenter size-full is-resized\"><img loading=\"lazy\" decoding=\"async\" width=\"525\" height=\"549\" src=\"https:\/\/www.eg-suedharz.de\/cafe\/wp-content\/uploads\/sites\/4\/2025\/06\/Getraenke.png\" alt=\"\" class=\"wp-image-2304\" style=\"width:180px\" srcset=\"https:\/\/www.eg-suedharz.de\/cafe\/wp-content\/uploads\/sites\/4\/2025\/06\/Getraenke.png 525w, https:\/\/www.eg-suedharz.de\/cafe\/wp-content\/uploads\/sites\/4\/2025\/06\/Getraenke-287x300.png 287w\" sizes=\"auto, (max-width: 525px) 100vw, 525px\" \/><\/figure>\n\n\n\n<div class=\"wp-block-uagb-info-box uagb-block-08e4f04a uagb-infobox__content-wrap  uagb-infobox-icon-above-title uagb-infobox-image-valign-top\"><div class=\"uagb-ifb-content\"><div class=\"uagb-ifb-title-wrap\"><h3 class=\"uagb-ifb-title\">Kaltgetr\u00e4nke<\/h3><\/div><p class=\"uagb-ifb-desc\"><strong>Lust auf eine spritzige Erfrischung?<\/strong> Da haben wir genau das Richtige f\u00fcr dich!<\/p><\/div><\/div>\n<\/div>\n<\/div>\n\n\n\n<div class=\"wp-block-uagb-container uagb-layout-grid uagb-block-caa7c5b4\">\n<div class=\"wp-block-uagb-advanced-heading uagb-block-cb462b58\"><h5 class=\"uagb-heading-text\"><a href=\"https:\/\/www.eg-suedharz.de\/cafe\/speisekarte\/\" data-type=\"page\" data-id=\"518\">Unsere vollst\u00e4ndige Speisekarte findest Du hier!<\/a><\/h5><\/div>\n\n\n\n<div data-aos= \"fade-left\" data-aos-duration=\"400\" data-aos-delay=\"0\" data-aos-easing=\"ease\" data-aos-once=\"true\" class=\"wp-block-uagb-image alignright uagb-block-42036d3b wp-block-uagb-image--layout-default wp-block-uagb-image--effect-zoomin wp-block-uagb-image--align-right\"><figure class=\"wp-block-uagb-image__figure\"><a class=\"\" href=\"https:\/\/www.eg-suedharz.de\/cafe\/speisekarte\/\" target=\"\" rel=\"noopener\"><img decoding=\"async\" srcset=\"https:\/\/www.eg-suedharz.de\/cafe\/wp-content\/uploads\/sites\/4\/2021\/04\/arrow-02-free-img.png \" sizes=\"auto, (max-width: 480px) 150px\" src=\"https:\/\/www.eg-suedharz.de\/cafe\/wp-content\/uploads\/sites\/4\/2021\/04\/arrow-02-free-img.png\" alt=\"\" class=\"uag-image-30\" width=\"100\" height=\"100\" title=\"\" loading=\"lazy\" role=\"img\"\/><\/a><\/figure><\/div>\n<\/div>\n<\/div><\/div>\n\n\n\n<div class=\"wp-block-uagb-container uagb-block-683abb30 alignfull uagb-is-root-container\"><div class=\"uagb-container-inner-blocks-wrap\">\n<div class=\"wp-block-uagb-container uagb-block-7a55a3d5\">\n<div class=\"wp-block-uagb-advanced-heading uagb-block-3f9cf5b9\"><h2 class=\"uagb-heading-text\">Rezensionen<\/h2><\/div>\n\n\n\n<div class=\"wp-block-uagb-star-rating uagb-block-5a0d17d8\"><p class=\"uag-star-rating__title\">Unsere durchschnittliche Kundenbewertung (Google):<\/p><div class=\"uag-star-rating\" title=\"5\/5\"><span class=\"uag-star\">\u2605<\/span><span class=\"uag-star\">\u2605<\/span><span class=\"uag-star\">\u2605<\/span><span class=\"uag-star\">\u2605<\/span><span class=\"uag-star\">\u2605<\/span><\/div><\/div>\n\n\n\n<div class=\"wp-block-uagb-separator uagb-block-0f4610c6\"><div class=\"wp-block-uagb-separator__inner\" style=\"--my-background-image:\"><\/div><\/div>\n\n\n\n<div class=\"wp-block-uagb-testimonial uagb-slick-carousel uagb-tm__arrow-outside uagb-block-0da0e14b\"><div class=\"is-carousel uagb-tm__columns-1 uagb-tm__items\"><div class=\"uagb-testimonial__wrap  uagb-tm__imgicon-style-circle uagb-tm__image-position-bottom uagb-tm__bg-type-none \"><div class=\"uagb-tm__content\"><div class=\"uagb-tm__overlay\"><\/div><div class=\"uagb-tm__text-wrap\"><div class=\"uagb-tm__desc\">Ein sch\u00f6ner Ort der Begegnung mit Kaffee und selbstgebackenen Kuchen. Wer jemand zum Zuh\u00f6ren braucht in einer sch\u00f6nen Atmosph\u00e4re sollte mal vorbeigehen.<\/div><div class=\"uagb-tm__meta-inner\"><div class=\"uagb-testimonial-details\"><span class=\"uagb-tm__author-name\">Christian<\/span><span class=\"uagb-tm__company\"><\/span><\/div><\/div><\/div><\/div><\/div><div class=\"uagb-testimonial__wrap  uagb-tm__imgicon-style-circle uagb-tm__image-position-bottom uagb-tm__bg-type-none \"><div class=\"uagb-tm__content\"><div class=\"uagb-tm__overlay\"><\/div><div class=\"uagb-tm__text-wrap\"><div class=\"uagb-tm__desc\">Ein sehr angenehmer Ort. Man zahlt, was man zahlen m\u00f6chte. Sehr sch\u00f6n eingerichtet und sehr freundliches Personal.<\/div><div class=\"uagb-tm__meta-inner\"><div class=\"uagb-testimonial-details\"><span class=\"uagb-tm__author-name\">Ricardo<\/span><span class=\"uagb-tm__company\"><\/span><\/div><\/div><\/div><\/div><\/div><div class=\"uagb-testimonial__wrap  uagb-tm__imgicon-style-circle uagb-tm__image-position-bottom uagb-tm__bg-type-none \"><div class=\"uagb-tm__content\"><div class=\"uagb-tm__overlay\"><\/div><div class=\"uagb-tm__text-wrap\"><div class=\"uagb-tm__desc\">Super lecker ist der Kuchen und der Service ist sehr gut. Alle sehr freundlich und das Ambiente ist perfekt.<\/div><div class=\"uagb-tm__meta-inner\"><div class=\"uagb-testimonial-details\"><span class=\"uagb-tm__author-name\">Mona<\/span><span class=\"uagb-tm__company\"><\/span><\/div><\/div><\/div><\/div><\/div><div class=\"uagb-testimonial__wrap  uagb-tm__imgicon-style-circle uagb-tm__image-position-bottom uagb-tm__bg-type-none \"><div class=\"uagb-tm__content\"><div class=\"uagb-tm__overlay\"><\/div><div class=\"uagb-tm__text-wrap\"><div class=\"uagb-tm__desc\">Es lohnt sich die Fu\u00dfg\u00e4ngerzone ganz herunter zu gehen. Das Ambiente und die Freundlichkeit ist besonders sch\u00f6n. Kinder sind willkommen und k\u00f6nnen sich gut besch\u00e4ftigen. Da isst man gerne ein weiteres St\u00fcck Kuchen f\u00fcr den guten Zweck.<\/div><div class=\"uagb-tm__meta-inner\"><div class=\"uagb-testimonial-details\"><span class=\"uagb-tm__author-name\">Patrycja<\/span><span class=\"uagb-tm__company\"><\/span><\/div><\/div><\/div><\/div><\/div><div class=\"uagb-testimonial__wrap  uagb-tm__imgicon-style-circle uagb-tm__image-position-bottom uagb-tm__bg-type-none \"><div class=\"uagb-tm__content\"><div class=\"uagb-tm__overlay\"><\/div><div class=\"uagb-tm__text-wrap\"><div class=\"uagb-tm__desc\">Ein Begegnungsraum, offen f\u00fcr alle. Lecker Speisen, supernettes Personal, leckeres Essen. Der Quarkkuchen ist der Hammer.<\/div><div class=\"uagb-tm__meta-inner\"><div class=\"uagb-testimonial-details\"><span class=\"uagb-tm__author-name\">Anke<\/span><span class=\"uagb-tm__company\"><\/span><\/div><\/div><\/div><\/div><\/div><\/div><\/div>\n<\/div>\n<\/div><\/div>\n","protected":false},"excerpt":{"rendered":"<p>Was es bei uns gibt Unsere vollst\u00e4ndige Speisekarte findest Du hier! Rezensionen<\/p>\n","protected":false},"author":1,"featured_media":0,"parent":0,"menu_order":0,"comment_status":"closed","ping_status":"closed","template":"","meta":{"_uag_custom_page_level_css":"","site-sidebar-layout":"no-sidebar","site-content-layout":"plain-container","ast-site-content-layout":"normal-width-container","site-content-style":"unboxed","site-sidebar-style":"unboxed","ast-global-header-display":"","ast-banner-title-visibility":"","ast-main-header-display":"","ast-hfb-above-header-display":"","ast-hfb-below-header-display":"","ast-hfb-mobile-header-display":"","site-post-title":"disabled","ast-breadcrumbs-content":"","ast-featured-img":"disabled","footer-sml-layout":"","ast-disable-related-posts":"","theme-transparent-header-meta":"enabled","adv-header-id-meta":"","stick-header-meta":"","header-above-stick-meta":"","header-main-stick-meta":"","header-below-stick-meta":"","astra-migrate-meta-layouts":"set","ast-page-background-enabled":"default","ast-page-background-meta":{"desktop":{"background-color":"","background-image":"","background-repeat":"repeat","background-position":"center center","background-size":"auto","background-attachment":"scroll","background-type":"","background-media":"","overlay-type":"","overlay-color":"","overlay-opacity":"","overlay-gradient":""},"tablet":{"background-color":"","background-image":"","background-repeat":"repeat","background-position":"center center","background-size":"auto","background-attachment":"scroll","background-type":"","background-media":"","overlay-type":"","overlay-color":"","overlay-opacity":"","overlay-gradient":""},"mobile":{"background-color":"","background-image":"","background-repeat":"repeat","background-position":"center center","background-size":"auto","background-attachment":"scroll","background-type":"","background-media":"","overlay-type":"","overlay-color":"","overlay-opacity":"","overlay-gradient":""}},"ast-content-background-meta":{"desktop":{"background-color":"var(--ast-global-color-5)","background-image":"","background-repeat":"repeat","background-position":"center center","background-size":"auto","background-attachment":"scroll","background-type":"","background-media":"","overlay-type":"","overlay-color":"","overlay-opacity":"","overlay-gradient":""},"tablet":{"background-color":"var(--ast-global-color-5)","background-image":"","background-repeat":"repeat","background-position":"center center","background-size":"auto","background-attachment":"scroll","background-type":"","background-media":"","overlay-type":"","overlay-color":"","overlay-opacity":"","overlay-gradient":""},"mobile":{"background-color":"var(--ast-global-color-5)","background-image":"","background-repeat":"repeat","background-position":"center center","background-size":"auto","background-attachment":"scroll","background-type":"","background-media":"","overlay-type":"","overlay-color":"","overlay-opacity":"","overlay-gradient":""}},"footnotes":""},"class_list":["post-514","page","type-page","status-publish","hentry"],"uagb_featured_image_src":{"full":false,"thumbnail":false,"medium":false,"medium_large":false,"large":false,"1536x1536":false,"2048x2048":false},"uagb_author_info":{"display_name":"Jonas","author_link":"https:\/\/www.eg-suedharz.de\/cafe\/author\/suedjonas\/"},"uagb_comment_info":0,"uagb_excerpt":"Was es bei uns gibt Unsere vollst\u00e4ndige Speisekarte findest Du hier! Rezensionen","_links":{"self":[{"href":"https:\/\/www.eg-suedharz.de\/cafe\/wp-json\/wp\/v2\/pages\/514","targetHints":{"allow":["GET"]}}],"collection":[{"href":"https:\/\/www.eg-suedharz.de\/cafe\/wp-json\/wp\/v2\/pages"}],"about":[{"href":"https:\/\/www.eg-suedharz.de\/cafe\/wp-json\/wp\/v2\/types\/page"}],"author":[{"embeddable":true,"href":"https:\/\/www.eg-suedharz.de\/cafe\/wp-json\/wp\/v2\/users\/1"}],"replies":[{"embeddable":true,"href":"https:\/\/www.eg-suedharz.de\/cafe\/wp-json\/wp\/v2\/comments?post=514"}],"version-history":[{"count":29,"href":"https:\/\/www.eg-suedharz.de\/cafe\/wp-json\/wp\/v2\/pages\/514\/revisions"}],"predecessor-version":[{"id":2353,"href":"https:\/\/www.eg-suedharz.de\/cafe\/wp-json\/wp\/v2\/pages\/514\/revisions\/2353"}],"wp:attachment":[{"href":"https:\/\/www.eg-suedharz.de\/cafe\/wp-json\/wp\/v2\/media?parent=514"}],"curies":[{"name":"wp","href":"https:\/\/api.w.org\/{rel}","templated":true}]}}